{"id":9200,"date":"2023-08-16T16:49:05","date_gmt":"2023-08-16T22:49:05","guid":{"rendered":"https:\/\/zewsdemo.com\/etsolutions\/contact-us\/"},"modified":"2023-10-24T19:49:48","modified_gmt":"2023-10-24T17:49:48","slug":"contacto","status":"publish","type":"page","link":"https:\/\/www.escrowtrustsolutions.com\/es\/contacto\/","title":{"rendered":"Contacto"},"content":{"rendered":"\t\t<div data-elementor-type=\"wp-page\" data-elementor-id=\"9200\" class=\"elementor elementor-9200 elementor-7263\">\n\t\t\t\t\t\t\t\t\t<section class=\"elementor-section elementor-top-section elementor-element elementor-element-ce81064 elementor-section-boxed elementor-section-height-default elementor-section-height-default\" data-id=\"ce81064\" data-element_type=\"section\" data-settings=\"{&quot;background_background&quot;:&quot;classic&quot;}\">\n\t\t\t\t\t\t<div class=\"elementor-container elementor-column-gap-default\">\n\t\t\t\t\t<div class=\"elementor-column elementor-col-100 elementor-top-column elementor-element elementor-element-64895b4\" data-id=\"64895b4\" data-element_type=\"column\">\n\t\t\t<div class=\"elementor-widget-wrap elementor-element-populated\">\n\t\t\t\t\t\t\t\t<div class=\"elementor-element elementor-element-ed6e268 elementor-widget elementor-widget-stm_icon_box\" data-id=\"ed6e268\" data-element_type=\"widget\" data-widget_type=\"stm_icon_box.default\">\n\t\t\t\t<div class=\"elementor-widget-container\">\n\t\t\t\n\n    <div class=\"icon_box  elementor-consulting-icon-box style_3 clearfix\">\n    <div class=\"icon_box_inner\">\n                    <div class=\"icon  font-color_default border-color_third\"><i\n                        style=\"font-size:16px;  line-height: 48px; \"\n                        class=\"stm-phone_13_2\"><\/i><\/div>\n                            <div class=\"icon_text\">\n                <p style=\"font-family: Poppins, sans-serif; font-weight: 400; letter-spacing: -0.40px;\"><span style=\"color: #595959;\">Ll\u00e1manos<\/span><br \/><span style=\"font-size: 18px; color: #1a1a1a;\"><a style=\"font-size: 18px; color: #1a1a1a;\" href=\"tel:+50627716789\" target=\"_blank\" rel=\"noopener\">+506 2771 6789<\/a><br \/><span style=\"font-weight: 400;\"><a style=\"font-size: 18px; color: #1a1a1a;\" href=\"tel:+50627717856\" target=\"_blank\" rel=\"noopener\">+506 2771 7856<\/a><br \/><a style=\"font-size: 18px; color: #1a1a1a;\" href=\"tel:+50627717849\" target=\"_blank\" rel=\"noopener\">+506 2771 7849<\/a><\/span><br \/><\/span><\/p>\n            <\/div>\n            <\/div>\n    <\/div>\n\t\t<\/div>\n\t\t\t\t<\/div>\n\t\t\t\t\t<\/div>\n\t\t<\/div>\n\t\t\t\t<div class=\"elementor-column elementor-col-100 elementor-top-column elementor-element elementor-element-ba60a66\" data-id=\"ba60a66\" data-element_type=\"column\">\n\t\t\t<div class=\"elementor-widget-wrap elementor-element-populated\">\n\t\t\t\t\t\t\t\t<div class=\"elementor-element elementor-element-6d4d5e7 elementor-widget elementor-widget-stm_icon_box\" data-id=\"6d4d5e7\" data-element_type=\"widget\" data-widget_type=\"stm_icon_box.default\">\n\t\t\t\t<div class=\"elementor-widget-container\">\n\t\t\t\n\n    <div class=\"icon_box  elementor-consulting-icon-box style_3 clearfix\">\n    <div class=\"icon_box_inner\">\n                    <div class=\"icon  font-color_default border-color_third\"><i\n                        style=\"font-size:16px;  line-height: 48px; \"\n                        class=\"fa fa-fax\"><\/i><\/div>\n                            <div class=\"icon_text\">\n                <p style=\"font-family: Poppins, sans-serif; font-weight: 400; letter-spacing: -0.40px;\"><span style=\"color: #595959;\">Fax<\/span><br \/><span style=\"font-size: 18px; color: #1a1a1a;\">+506 2771-7191<\/span><\/p>\n            <\/div>\n            <\/div>\n    <\/div>\n\t\t<\/div>\n\t\t\t\t<\/div>\n\t\t\t\t\t<\/div>\n\t\t<\/div>\n\t\t\t\t<div class=\"elementor-column elementor-col-100 elementor-top-column elementor-element elementor-element-169bf58\" data-id=\"169bf58\" data-element_type=\"column\">\n\t\t\t<div class=\"elementor-widget-wrap elementor-element-populated\">\n\t\t\t\t\t\t\t\t<div class=\"elementor-element elementor-element-9b423dc elementor-widget elementor-widget-stm_icon_box\" data-id=\"9b423dc\" data-element_type=\"widget\" data-widget_type=\"stm_icon_box.default\">\n\t\t\t\t<div class=\"elementor-widget-container\">\n\t\t\t\n\n    <div class=\"icon_box  elementor-consulting-icon-box style_3 clearfix\">\n    <div class=\"icon_box_inner\">\n                    <div class=\"icon  font-color_default border-color_third\"><i\n                        style=\"font-size:16px;  line-height: 48px; \"\n                        class=\"fa fa-envelope\"><\/i><\/div>\n                            <div class=\"icon_text\">\n                <p style=\"font-family: Poppins, sans-serif; font-weight: 400; letter-spacing: -0.40px;\">\u00bfTienes alguna pregunta?<br \/><a href=\"mailto:info@ets.fi.cr\" target=\"_blank\" rel=\"noopener\"><span style=\"font-size: 18px; color: #1a1a1a;\">info@ets.fi.cr<\/span><\/a><\/p>\n            <\/div>\n            <\/div>\n    <\/div>\n\t\t<\/div>\n\t\t\t\t<\/div>\n\t\t\t\t\t<\/div>\n\t\t<\/div>\n\t\t\t\t<div class=\"elementor-column elementor-col-100 elementor-top-column elementor-element elementor-element-fd00a6e\" data-id=\"fd00a6e\" data-element_type=\"column\">\n\t\t\t<div class=\"elementor-widget-wrap elementor-element-populated\">\n\t\t\t\t\t\t\t\t<div class=\"elementor-element elementor-element-1e1ff0f elementor-widget elementor-widget-stm_icon_box\" data-id=\"1e1ff0f\" data-element_type=\"widget\" data-widget_type=\"stm_icon_box.default\">\n\t\t\t\t<div class=\"elementor-widget-container\">\n\t\t\t\n\n    <div class=\"icon_box  elementor-consulting-icon-box style_3 clearfix\">\n    <div class=\"icon_box_inner\">\n                    <div class=\"icon  font-color_default border-color_third\"><i\n                        style=\"font-size:16px;  line-height: 48px; \"\n                        class=\"stm-marker\"><\/i><\/div>\n                            <div class=\"icon_text\">\n                <p style=\"font-family: Poppins, sans-serif; font-weight: 400; letter-spacing: -0.40px;\">200 metros al norte del Colegio La Asunci\u00f3n, Ruta 243, San Jos\u00e9, San Isidro de El General, 11901.<\/p>\n            <\/div>\n            <\/div>\n    <\/div>\n\t\t<\/div>\n\t\t\t\t<\/div>\n\t\t\t\t\t<\/div>\n\t\t<\/div>\n\t\t\t\t\t\t\t<\/div>\n\t\t<\/section>\n\t\t\t\t<section class=\"elementor-section elementor-top-section elementor-element elementor-element-354c07c elementor-section-boxed elementor-section-height-default elementor-section-height-default\" data-id=\"354c07c\" data-element_type=\"section\" data-settings=\"{&quot;background_background&quot;:&quot;classic&quot;}\">\n\t\t\t\t\t\t<div class=\"elementor-container elementor-column-gap-default\">\n\t\t\t\t\t<div class=\"elementor-column elementor-col-100 elementor-top-column elementor-element elementor-element-354c46b\" data-id=\"354c46b\" data-element_type=\"column\">\n\t\t\t<div class=\"elementor-widget-wrap elementor-element-populated\">\n\t\t\t\t\t\t\t\t<div class=\"elementor-element elementor-element-bb65eaa elementor-widget elementor-widget-heading\" data-id=\"bb65eaa\" data-element_type=\"widget\" data-widget_type=\"heading.default\">\n\t\t\t\t<div class=\"elementor-widget-container\">\n\t\t\t<style>\/*! elementor - v3.16.0 - 17-10-2023 *\/\n.elementor-heading-title{padding:0;margin:0;line-height:1}.elementor-widget-heading .elementor-heading-title[class*=elementor-size-]>a{color:inherit;font-size:inherit;line-height:inherit}.elementor-widget-heading .elementor-heading-title.elementor-size-small{font-size:15px}.elementor-widget-heading .elementor-heading-title.elementor-size-medium{font-size:19px}.elementor-widget-heading .elementor-heading-title.elementor-size-large{font-size:29px}.elementor-widget-heading .elementor-heading-title.elementor-size-xl{font-size:39px}.elementor-widget-heading .elementor-heading-title.elementor-size-xxl{font-size:59px}<\/style><h2 class=\"elementor-heading-title elementor-size-default\">Formulario de Contacto<\/h2>\t\t<\/div>\n\t\t\t\t<\/div>\n\t\t\t\t<div class=\"elementor-element elementor-element-354c79e elementor-widget elementor-widget-vc_custom_heading\" data-id=\"354c79e\" data-element_type=\"widget\" data-widget_type=\"vc_custom_heading.default\">\n\t\t\t\t<div class=\"elementor-widget-container\">\n\t\t\t<div class=\" vc_custom_heading  consulting_heading_font  text_align_left has_subtitle\" ><p style=\"text-align: left;line-height: 50px;font-weight:700\" class=\"consulting-custom-title\"><span class=\"subtitle\">Por favor, complete este sencillo formulario para ponerse en contacto con nosotros con un mensaje para programar una cita o para una consulta.<\/span><\/p><\/div>\t\t<\/div>\n\t\t\t\t<\/div>\n\t\t\t\t<div class=\"elementor-element elementor-element-354ca8f elementor-widget elementor-widget-stm_contact_form_7\" data-id=\"354ca8f\" data-element_type=\"widget\" data-widget_type=\"stm_contact_form_7.default\">\n\t\t\t\t<div class=\"elementor-widget-container\">\n\t\t\t\n<div class=\"wpcf7 no-js\" id=\"wpcf7-f10096-o1\" lang=\"es-ES\" dir=\"ltr\">\n<div class=\"screen-reader-response\"><p role=\"status\" aria-live=\"polite\" aria-atomic=\"true\"><\/p> <ul><\/ul><\/div>\n<form action=\"\/es\/wp-json\/wp\/v2\/pages\/9200#wpcf7-f10096-o1\" method=\"post\" class=\"wpcf7-form init\" aria-label=\"Formulario de contacto\" novalidate=\"novalidate\" data-status=\"init\">\n<div style=\"display: none;\">\n<input type=\"hidden\" name=\"_wpcf7\" value=\"10096\" \/>\n<input type=\"hidden\" name=\"_wpcf7_version\" value=\"5.9.8\" \/>\n<input type=\"hidden\" name=\"_wpcf7_locale\" value=\"es_ES\" \/>\n<input type=\"hidden\" name=\"_wpcf7_unit_tag\" value=\"wpcf7-f10096-o1\" \/>\n<input type=\"hidden\" name=\"_wpcf7_container_post\" value=\"0\" \/>\n<input type=\"hidden\" name=\"_wpcf7_posted_data_hash\" value=\"\" \/>\n<input type=\"hidden\" name=\"_wpcf7_recaptcha_response\" value=\"\" \/>\n<\/div>\n<div class=\"request_callback\">\n    <div class=\"row\">\n        <div class=\"col-lg-6 col-md-6 col-sm-6 col-xs-12\">\n            <div class=\"input-group\">\n                <span class=\"wpcf7-form-control-wrap\" data-name=\"text-name\"><input size=\"40\" maxlength=\"400\" class=\"wpcf7-form-control wpcf7-text wpcf7-validates-as-required\" aria-required=\"true\" aria-invalid=\"false\" placeholder=\"Nombre Completo *\" value=\"\" type=\"text\" name=\"text-name\" \/><\/span>\n            <\/div>\n            <div class=\"input-group\">\n                <span class=\"wpcf7-form-control-wrap\" data-name=\"email\"><input size=\"40\" maxlength=\"400\" class=\"wpcf7-form-control wpcf7-email wpcf7-validates-as-required wpcf7-text wpcf7-validates-as-email\" aria-required=\"true\" aria-invalid=\"false\" placeholder=\"Correo Electr\u00f3nico *\" value=\"\" type=\"email\" name=\"email\" \/><\/span>\n            <\/div>\n            <div class=\"input-group\">\n                <span class=\"wpcf7-form-control-wrap\" data-name=\"phone\"><input size=\"40\" maxlength=\"400\" class=\"wpcf7-form-control wpcf7-tel wpcf7-validates-as-required wpcf7-text wpcf7-validates-as-tel\" aria-required=\"true\" aria-invalid=\"false\" placeholder=\"N\u00famero de Tel\u00e9fono *\" value=\"\" type=\"tel\" name=\"phone\" \/><\/span>\n            <\/div>\n        <\/div>\n        <div class=\"col-lg-6 col-md-6 col-sm-6 col-xs-12\">\n            <div class=\"input-group\">\n                <span class=\"wpcf7-form-control-wrap\" data-name=\"message\"><textarea cols=\"40\" rows=\"10\" maxlength=\"2000\" class=\"wpcf7-form-control wpcf7-textarea wpcf7-validates-as-required\" aria-required=\"true\" aria-invalid=\"false\" placeholder=\"Su Mensaje *\" name=\"message\"><\/textarea><\/span>\n            <\/div>\n            <div class=\"input-group\">\n                <button type=\"Enviar\" class=\"button size-lg icon_right\">Enviar <i class=\"fa fa-chevron-right\"><\/i><\/button>\n            <\/div>\n        <\/div>\n    <\/div>\n<\/div><div class=\"wpcf7-response-output\" aria-hidden=\"true\"><\/div>\n<\/form>\n<\/div>\n\t\t\t\t<\/div>\n\t\t\t\t<\/div>\n\t\t\t\t\t<\/div>\n\t\t<\/div>\n\t\t\t\t\t\t\t<\/div>\n\t\t<\/section>\n\t\t\t\t\t\t\t<\/div>\n\t\t","protected":false},"excerpt":{"rendered":"<p>&nbsp; Ll\u00e1manos +506 2771 6789 +506 2771-7856 +506 2771-7849 &nbsp; Fax +506 2771-7191 &nbsp; \u00bfTienes alguna pregunta? info@ets.fi.cr &nbsp; 200 metros al norte del Colegio La Asunci\u00f3n, Ruta 243, San Jos\u00e9, San Isidro de El General, 11901. Formulario de Contacto Por favor, complete este sencillo formulario para ponerse en contacto con nosotros con un mensaje<\/p>\n","protected":false},"author":1,"featured_media":10850,"parent":0,"menu_order":0,"comment_status":"closed","ping_status":"closed","template":"","meta":{"_joinchat":[],"footnotes":""},"class_list":["post-9200","page","type-page","status-publish","has-post-thumbnail","hentry"],"yoast_head":"<!-- This site is optimized with the Yoast SEO Premium plugin v21.4 (Yoast SEO v21.4) - https:\/\/yoast.com\/wordpress\/plugins\/seo\/ -->\n<title>E&amp;T Escrow &amp; Trust Solutions S.R.L. | Informaci\u00f3n de contacto<\/title>\n<meta name=\"description\" content=\"Informaci\u00f3n de Contacto de Escrow &amp; Trust Solutions S.R.L. es una empresa costarricense establecida en la regi\u00f3n sur de Costa Rica.\" \/>\n<meta name=\"robots\" content=\"index, follow, max-snippet:-1, max-image-preview:large, max-video-preview:-1\" \/>\n<link rel=\"canonical\" href=\"https:\/\/www.escrowtrustsolutions.com\/contact\/\" \/>\n<meta property=\"og:locale\" content=\"es_ES\" \/>\n<meta property=\"og:type\" content=\"article\" \/>\n<meta property=\"og:title\" content=\"Contacto\" \/>\n<meta property=\"og:description\" content=\"Informaci\u00f3n de Contacto de Escrow &amp; Trust Solutions S.R.L. es una empresa costarricense establecida en la regi\u00f3n sur de Costa Rica.\" \/>\n<meta property=\"og:url\" content=\"https:\/\/www.escrowtrustsolutions.com\/contact\/\" \/>\n<meta property=\"og:site_name\" content=\"E&amp;T Solutions\" \/>\n<meta property=\"article:publisher\" content=\"https:\/\/www.facebook.com\/profile.php?id=100054564154140\" \/>\n<meta property=\"article:modified_time\" content=\"2023-10-24T17:49:48+00:00\" \/>\n<meta property=\"og:image\" content=\"https:\/\/www.escrowtrustsolutions.com\/wp-content\/uploads\/2023\/10\/foto-edificio-vertical.webp\" \/>\n\t<meta property=\"og:image:width\" content=\"800\" \/>\n\t<meta property=\"og:image:height\" content=\"1200\" \/>\n\t<meta property=\"og:image:type\" content=\"image\/webp\" \/>\n<meta name=\"twitter:card\" content=\"summary_large_image\" \/>\n<meta name=\"twitter:label1\" content=\"Tiempo de lectura\" \/>\n\t<meta name=\"twitter:data1\" content=\"1 minuto\" \/>\n<script type=\"application\/ld+json\" class=\"yoast-schema-graph\">{\"@context\":\"https:\/\/schema.org\",\"@graph\":[{\"@type\":\"WebPage\",\"@id\":\"https:\/\/www.escrowtrustsolutions.com\/contact\/\",\"url\":\"https:\/\/www.escrowtrustsolutions.com\/contact\/\",\"name\":\"E&T Escrow & Trust Solutions S.R.L. | Informaci\u00f3n de contacto\",\"isPartOf\":{\"@id\":\"https:\/\/www.escrowtrustsolutions.com\/#website\"},\"datePublished\":\"2023-08-16T22:49:05+00:00\",\"dateModified\":\"2023-10-24T17:49:48+00:00\",\"description\":\"Informaci\u00f3n de Contacto de Escrow & Trust Solutions S.R.L. es una empresa costarricense establecida en la regi\u00f3n sur de Costa Rica.\",\"breadcrumb\":{\"@id\":\"https:\/\/www.escrowtrustsolutions.com\/contact\/#breadcrumb\"},\"inLanguage\":\"es\",\"potentialAction\":[{\"@type\":\"ReadAction\",\"target\":[\"https:\/\/www.escrowtrustsolutions.com\/contact\/\"]}]},{\"@type\":\"BreadcrumbList\",\"@id\":\"https:\/\/www.escrowtrustsolutions.com\/contact\/#breadcrumb\",\"itemListElement\":[{\"@type\":\"ListItem\",\"position\":1,\"name\":\"Home\",\"item\":\"https:\/\/www.escrowtrustsolutions.com\/\"},{\"@type\":\"ListItem\",\"position\":2,\"name\":\"Contacto\"}]},{\"@type\":\"WebSite\",\"@id\":\"https:\/\/www.escrowtrustsolutions.com\/#website\",\"url\":\"https:\/\/www.escrowtrustsolutions.com\/\",\"name\":\"E&T Solutions\",\"description\":\"E&amp;T Escrow &amp; Trust Solutions S.R.L. is a Costa Rican company\",\"publisher\":{\"@id\":\"https:\/\/www.escrowtrustsolutions.com\/#organization\"},\"potentialAction\":[{\"@type\":\"SearchAction\",\"target\":{\"@type\":\"EntryPoint\",\"urlTemplate\":\"https:\/\/www.escrowtrustsolutions.com\/?s={search_term_string}\"},\"query-input\":\"required name=search_term_string\"}],\"inLanguage\":\"es\"},{\"@type\":\"Organization\",\"@id\":\"https:\/\/www.escrowtrustsolutions.com\/#organization\",\"name\":\"E&T Solutions\",\"url\":\"https:\/\/www.escrowtrustsolutions.com\/\",\"logo\":{\"@type\":\"ImageObject\",\"inLanguage\":\"es\",\"@id\":\"https:\/\/www.escrowtrustsolutions.com\/#\/schema\/logo\/image\/\",\"url\":\"https:\/\/www.escrowtrustsolutions.com\/wp-content\/uploads\/2023\/08\/logo-et-color.svg\",\"contentUrl\":\"https:\/\/www.escrowtrustsolutions.com\/wp-content\/uploads\/2023\/08\/logo-et-color.svg\",\"width\":1,\"height\":1,\"caption\":\"E&T Solutions\"},\"image\":{\"@id\":\"https:\/\/www.escrowtrustsolutions.com\/#\/schema\/logo\/image\/\"},\"sameAs\":[\"https:\/\/www.facebook.com\/profile.php?id=100054564154140\",\"https:\/\/www.instagram.com\/escrow_and_trust_solutions\/\",\"https:\/\/www.youtube.com\/@etescrowandtrustsolutions4708\"]}]}<\/script>\n<!-- \/ Yoast SEO Premium plugin. -->","yoast_head_json":{"title":"E&T Escrow & Trust Solutions S.R.L. | Informaci\u00f3n de contacto","description":"Informaci\u00f3n de Contacto de Escrow & Trust Solutions S.R.L. es una empresa costarricense establecida en la regi\u00f3n sur de Costa Rica.","robots":{"index":"index","follow":"follow","max-snippet":"max-snippet:-1","max-image-preview":"max-image-preview:large","max-video-preview":"max-video-preview:-1"},"canonical":"https:\/\/www.escrowtrustsolutions.com\/contact\/","og_locale":"es_ES","og_type":"article","og_title":"Contacto","og_description":"Informaci\u00f3n de Contacto de Escrow & Trust Solutions S.R.L. es una empresa costarricense establecida en la regi\u00f3n sur de Costa Rica.","og_url":"https:\/\/www.escrowtrustsolutions.com\/contact\/","og_site_name":"E&amp;T Solutions","article_publisher":"https:\/\/www.facebook.com\/profile.php?id=100054564154140","article_modified_time":"2023-10-24T17:49:48+00:00","og_image":[{"width":800,"height":1200,"url":"https:\/\/www.escrowtrustsolutions.com\/wp-content\/uploads\/2023\/10\/foto-edificio-vertical.webp","type":"image\/webp"}],"twitter_card":"summary_large_image","twitter_misc":{"Tiempo de lectura":"1 minuto"},"schema":{"@context":"https:\/\/schema.org","@graph":[{"@type":"WebPage","@id":"https:\/\/www.escrowtrustsolutions.com\/contact\/","url":"https:\/\/www.escrowtrustsolutions.com\/contact\/","name":"E&T Escrow & Trust Solutions S.R.L. | Informaci\u00f3n de contacto","isPartOf":{"@id":"https:\/\/www.escrowtrustsolutions.com\/#website"},"datePublished":"2023-08-16T22:49:05+00:00","dateModified":"2023-10-24T17:49:48+00:00","description":"Informaci\u00f3n de Contacto de Escrow & Trust Solutions S.R.L. es una empresa costarricense establecida en la regi\u00f3n sur de Costa Rica.","breadcrumb":{"@id":"https:\/\/www.escrowtrustsolutions.com\/contact\/#breadcrumb"},"inLanguage":"es","potentialAction":[{"@type":"ReadAction","target":["https:\/\/www.escrowtrustsolutions.com\/contact\/"]}]},{"@type":"BreadcrumbList","@id":"https:\/\/www.escrowtrustsolutions.com\/contact\/#breadcrumb","itemListElement":[{"@type":"ListItem","position":1,"name":"Home","item":"https:\/\/www.escrowtrustsolutions.com\/"},{"@type":"ListItem","position":2,"name":"Contacto"}]},{"@type":"WebSite","@id":"https:\/\/www.escrowtrustsolutions.com\/#website","url":"https:\/\/www.escrowtrustsolutions.com\/","name":"E&T Solutions","description":"E&amp;T Escrow &amp; Trust Solutions S.R.L. is a Costa Rican company","publisher":{"@id":"https:\/\/www.escrowtrustsolutions.com\/#organization"},"potentialAction":[{"@type":"SearchAction","target":{"@type":"EntryPoint","urlTemplate":"https:\/\/www.escrowtrustsolutions.com\/?s={search_term_string}"},"query-input":"required name=search_term_string"}],"inLanguage":"es"},{"@type":"Organization","@id":"https:\/\/www.escrowtrustsolutions.com\/#organization","name":"E&T Solutions","url":"https:\/\/www.escrowtrustsolutions.com\/","logo":{"@type":"ImageObject","inLanguage":"es","@id":"https:\/\/www.escrowtrustsolutions.com\/#\/schema\/logo\/image\/","url":"https:\/\/www.escrowtrustsolutions.com\/wp-content\/uploads\/2023\/08\/logo-et-color.svg","contentUrl":"https:\/\/www.escrowtrustsolutions.com\/wp-content\/uploads\/2023\/08\/logo-et-color.svg","width":1,"height":1,"caption":"E&T Solutions"},"image":{"@id":"https:\/\/www.escrowtrustsolutions.com\/#\/schema\/logo\/image\/"},"sameAs":["https:\/\/www.facebook.com\/profile.php?id=100054564154140","https:\/\/www.instagram.com\/escrow_and_trust_solutions\/","https:\/\/www.youtube.com\/@etescrowandtrustsolutions4708"]}]}},"_links":{"self":[{"href":"https:\/\/www.escrowtrustsolutions.com\/es\/wp-json\/wp\/v2\/pages\/9200","targetHints":{"allow":["GET"]}}],"collection":[{"href":"https:\/\/www.escrowtrustsolutions.com\/es\/wp-json\/wp\/v2\/pages"}],"about":[{"href":"https:\/\/www.escrowtrustsolutions.com\/es\/wp-json\/wp\/v2\/types\/page"}],"author":[{"embeddable":true,"href":"https:\/\/www.escrowtrustsolutions.com\/es\/wp-json\/wp\/v2\/users\/1"}],"replies":[{"embeddable":true,"href":"https:\/\/www.escrowtrustsolutions.com\/es\/wp-json\/wp\/v2\/comments?post=9200"}],"version-history":[{"count":0,"href":"https:\/\/www.escrowtrustsolutions.com\/es\/wp-json\/wp\/v2\/pages\/9200\/revisions"}],"wp:featuredmedia":[{"embeddable":true,"href":"https:\/\/www.escrowtrustsolutions.com\/es\/wp-json\/wp\/v2\/media\/10850"}],"wp:attachment":[{"href":"https:\/\/www.escrowtrustsolutions.com\/es\/wp-json\/wp\/v2\/media?parent=9200"}],"curies":[{"name":"wp","href":"https:\/\/api.w.org\/{rel}","templated":true}]}}