{"id":9246,"date":"2016-01-07T05:57:45","date_gmt":"2016-01-07T04:57:45","guid":{"rendered":"https:\/\/zewsdemo.com\/etsolutions\/links\/"},"modified":"2023-10-24T19:05:14","modified_gmt":"2023-10-24T17:05:14","slug":"enlaces","status":"publish","type":"page","link":"https:\/\/www.escrowtrustsolutions.com\/es\/enlaces\/","title":{"rendered":"Enlaces"},"content":{"rendered":"\t\t<div data-elementor-type=\"wp-page\" data-elementor-id=\"9246\" class=\"elementor elementor-9246 elementor-390\">\n\t\t\t\t\t\t\t\t\t<section class=\"elementor-section elementor-top-section elementor-element elementor-element-468557b elementor-section-boxed elementor-section-height-default elementor-section-height-default\" data-id=\"468557b\" data-element_type=\"section\" data-settings=\"{&quot;background_background&quot;:&quot;classic&quot;}\">\n\t\t\t\t\t\t\t<div class=\"elementor-background-overlay\"><\/div>\n\t\t\t\t\t\t\t<div class=\"elementor-container elementor-column-gap-default\">\n\t\t\t\t\t<div class=\"elementor-column elementor-col-100 elementor-top-column elementor-element elementor-element-f952070\" data-id=\"f952070\" data-element_type=\"column\">\n\t\t\t<div class=\"elementor-widget-wrap elementor-element-populated\">\n\t\t\t\t\t\t\t\t<div class=\"elementor-element elementor-element-7ffc238 elementor-widget elementor-widget-vc_custom_heading\" data-id=\"7ffc238\" data-element_type=\"widget\" data-widget_type=\"vc_custom_heading.default\">\n\t\t\t\t<div class=\"elementor-widget-container\">\n\t\t\t<div class=\" vc_custom_heading  consulting_heading_font  text_align_center\" ><h2 style=\"text-align: center;font-weight:700\" class=\"consulting-custom-title\">Enlaces de Inter\u00e9s\n<\/h2><\/div>\t\t<\/div>\n\t\t\t\t<\/div>\n\t\t\t\t<section class=\"elementor-section elementor-inner-section elementor-element elementor-element-5a7e0db elementor-section-boxed elementor-section-height-default elementor-section-height-default\" data-id=\"5a7e0db\" data-element_type=\"section\">\n\t\t\t\t\t\t<div class=\"elementor-container elementor-column-gap-default\">\n\t\t\t\t\t<div class=\"elementor-column elementor-col-50 elementor-inner-column elementor-element elementor-element-0c32c05\" data-id=\"0c32c05\" data-element_type=\"column\" data-settings=\"{&quot;background_background&quot;:&quot;classic&quot;}\">\n\t\t\t<div class=\"elementor-widget-wrap elementor-element-populated\">\n\t\t\t\t\t\t\t\t<div class=\"elementor-element elementor-element-373c70f elementor-widget elementor-widget-stm_header_logo\" data-id=\"373c70f\" data-element_type=\"widget\" data-widget_type=\"stm_header_logo.default\">\n\t\t\t\t<div class=\"elementor-widget-container\">\n\t\t\t\n\t\t<div class=\"consulting-logo\">\n\t\t\t\t\t\t<a href=\"https:\/\/www.bccr.fi.cr\/SitePages\/Inicio.aspx\" target=\"_blank\">\n\t\t\t\t\t\t\t\t<img decoding=\"async\" src=\"https:\/\/www.escrowtrustsolutions.com\/wp-content\/uploads\/2023\/08\/banco-central-de-costa-rica-logo.svg\" alt=\"E&amp;T Solutions\"\/>\n\t\t\t\t\t\t\t<\/a>\n\t\t\t\t<\/div>\n\n\t\t\t\t<\/div>\n\t\t\t\t<\/div>\n\t\t\t\t<div class=\"elementor-element elementor-element-4e5ff90 elementor-widget elementor-widget-vc_custom_heading\" data-id=\"4e5ff90\" data-element_type=\"widget\" data-widget_type=\"vc_custom_heading.default\">\n\t\t\t\t<div class=\"elementor-widget-container\">\n\t\t\t<div class=\" vc_custom_heading  consulting_heading_font  text_align_center\" ><h3 style=\"font-size: 18px;text-align: center;line-height: 1px;font-weight:700\" class=\"consulting-custom-title\"><a href=\"https:\/\/www.bccr.fi.cr\/SitePages\/Inicio.aspx\">Banco Central de Costa Rica\n<\/a><\/h3><\/div>\t\t<\/div>\n\t\t\t\t<\/div>\n\t\t\t\t<div class=\"elementor-element elementor-element-a4f71be elementor-widget elementor-widget-stm_icon_box\" data-id=\"a4f71be\" data-element_type=\"widget\" data-widget_type=\"stm_icon_box.default\">\n\t\t\t\t<div class=\"elementor-widget-container\">\n\t\t\t\n\n    <a href=\"https:\/\/www.bccr.fi.cr\/SitePages\/Inicio.aspx\" target=\"_self\" class=\"icon_box  elementor-consulting-icon-box style_4 alignment_center  clearfix\">\n<div class=\"icon_box_inner\">\n                    <div class=\"icon_text\">\n            <p>El Banco Central de Costa Rica es una instituci\u00f3n aut\u00f3noma de derecho p\u00fablico, con personalidad jur\u00eddica y patrimonio propios.<\/p>\n        <\/div>\n    <\/div>\n    <\/a>\n\t\t<\/div>\n\t\t\t\t<\/div>\n\t\t\t\t\t<\/div>\n\t\t<\/div>\n\t\t\t\t<div class=\"elementor-column elementor-col-50 elementor-inner-column elementor-element elementor-element-9fe362e\" data-id=\"9fe362e\" data-element_type=\"column\" data-settings=\"{&quot;background_background&quot;:&quot;classic&quot;}\">\n\t\t\t<div class=\"elementor-widget-wrap elementor-element-populated\">\n\t\t\t\t\t\t\t\t<div class=\"elementor-element elementor-element-a21a4ff elementor-widget elementor-widget-stm_header_logo\" data-id=\"a21a4ff\" data-element_type=\"widget\" data-widget_type=\"stm_header_logo.default\">\n\t\t\t\t<div class=\"elementor-widget-container\">\n\t\t\t\n\t\t<div class=\"consulting-logo\">\n\t\t\t\t\t\t<a href=\"https:\/\/www.sugef.fi.cr\/\" target=\"_blank\">\n\t\t\t\t\t\t\t\t<img decoding=\"async\" src=\"https:\/\/www.escrowtrustsolutions.com\/wp-content\/uploads\/2023\/08\/sugef-logo.svg\" alt=\"E&amp;T Solutions\"\/>\n\t\t\t\t\t\t\t<\/a>\n\t\t\t\t<\/div>\n\n\t\t\t\t<\/div>\n\t\t\t\t<\/div>\n\t\t\t\t<div class=\"elementor-element elementor-element-98d1974 elementor-widget elementor-widget-vc_custom_heading\" data-id=\"98d1974\" data-element_type=\"widget\" data-widget_type=\"vc_custom_heading.default\">\n\t\t\t\t<div class=\"elementor-widget-container\">\n\t\t\t<div class=\" vc_custom_heading  consulting_heading_font  text_align_center\" ><h3 style=\"font-size: 18px;text-align: center;line-height: 1px;font-weight:700\" class=\"consulting-custom-title\"><a href=\"https:\/\/www.sugef.fi.cr\/\">Superintendencia General de Entidades Financieras\n<\/a><\/h3><\/div>\t\t<\/div>\n\t\t\t\t<\/div>\n\t\t\t\t<div class=\"elementor-element elementor-element-3952bfa elementor-widget elementor-widget-stm_icon_box\" data-id=\"3952bfa\" data-element_type=\"widget\" data-widget_type=\"stm_icon_box.default\">\n\t\t\t\t<div class=\"elementor-widget-container\">\n\t\t\t\n\n    <a href=\"https:\/\/www.sugef.fi.cr\/\" target=\"_self\" class=\"icon_box  elementor-consulting-icon-box style_4 alignment_center  clearfix\">\n<div class=\"icon_box_inner\">\n                    <div class=\"icon_text\">\n            <p>La SUGEF es una entidad supervisora y fiscalizadora que vela por la estabilidad, solidez y eficiente.<\/p>\n        <\/div>\n    <\/div>\n    <\/a>\n\t\t<\/div>\n\t\t\t\t<\/div>\n\t\t\t\t\t<\/div>\n\t\t<\/div>\n\t\t\t\t\t\t\t<\/div>\n\t\t<\/section>\n\t\t\t\t\t<\/div>\n\t\t<\/div>\n\t\t\t\t\t\t\t<\/div>\n\t\t<\/section>\n\t\t\t\t<section class=\"elementor-section elementor-top-section elementor-element elementor-element-c19a66c third_bg_color elementor-section-boxed elementor-section-height-default elementor-section-height-default\" data-id=\"c19a66c\" data-element_type=\"section\" data-settings=\"{&quot;background_background&quot;:&quot;classic&quot;}\">\n\t\t\t\t\t\t<div class=\"elementor-container elementor-column-gap-default\">\n\t\t\t\t\t<div class=\"elementor-column elementor-col-100 elementor-top-column elementor-element elementor-element-c19aa5c\" data-id=\"c19aa5c\" data-element_type=\"column\">\n\t\t\t<div class=\"elementor-widget-wrap elementor-element-populated\">\n\t\t\t\t\t\t\t\t<div class=\"elementor-element elementor-element-c19ad9e elementor-widget elementor-widget-vc_cta\" data-id=\"c19ad9e\" data-element_type=\"widget\" data-widget_type=\"vc_cta.default\">\n\t\t\t\t<div class=\"elementor-widget-container\">\n\t\t\t\n<div class=\"ce_cta ce_cta_5360816e396785bac904df44db1e971b ce_text_left third_bg_color add_button_right btn_align_right btn_button_block_true btn_has_icon btn_has_icon_on_the_right\" id=\"\">\n\t<div class=\"ce_cta__content\">\n\t\t<div class=\"ce_cta__content__header\">\n\t\t\t<h2  class='ce_cta__content__title '>\u00bfBuscas una compa\u00f1\u00eda fiduciaria en Costa Rica?<\/h2>\t\t<\/div>\n\t\t\t<\/div>\n\n\t\t<div class=\"ce_cta__action\">\n\t\t<a\n\t\t\thref=\"\/es\/contacto\/\"\n\t\t\t\t\t\ttarget=\"_self\"\n\t\t\tclass=\"button\n\t\t\t\t\t\">\n\t\t\t<span>Haga clic aqu\u00ed<\/span>\n\t\t\t\t\t\t<i class=\"fa fa-chevron-right\"><\/i>\n\t\t\t\t\t<\/a>\n\t<\/div>\n\t<\/div>\n\t\t<\/div>\n\t\t\t\t<\/div>\n\t\t\t\t\t<\/div>\n\t\t<\/div>\n\t\t\t\t\t\t\t<\/div>\n\t\t<\/section>\n\t\t\t\t\t\t\t<\/div>\n\t\t","protected":false},"excerpt":{"rendered":"<p>Enlaces de Inter\u00e9s Banco Central de Costa Rica El Banco Central de Costa Rica es una instituci\u00f3n aut\u00f3noma de derecho p\u00fablico, con personalidad jur\u00eddica y patrimonio propios. Superintendencia General de Entidades Financieras La SUGEF es una entidad supervisora y fiscalizadora que vela por la estabilidad, solidez y eficiente. \u00bfBuscas una compa\u00f1\u00eda fiduciaria en Costa Rica?<\/p>\n","protected":false},"author":1,"featured_media":9162,"parent":0,"menu_order":0,"comment_status":"closed","ping_status":"closed","template":"","meta":{"_joinchat":[],"footnotes":""},"class_list":["post-9246","page","type-page","status-publish","has-post-thumbnail","hentry"],"yoast_head":"<!-- This site is optimized with the Yoast SEO Premium plugin v21.4 (Yoast SEO v21.4) - https:\/\/yoast.com\/wordpress\/plugins\/seo\/ -->\n<title>Entidades financieras en Costa Rica - E&amp;T Solutions<\/title>\n<meta name=\"description\" content=\"E&amp;T se registr\u00f3 formalmente ante la Superintendencia General de Entidades Financieras (&quot;SUGEF&quot;) el 26 de noviembre de 2007.\" \/>\n<meta name=\"robots\" content=\"index, follow, max-snippet:-1, max-image-preview:large, max-video-preview:-1\" \/>\n<link rel=\"canonical\" href=\"https:\/\/www.escrowtrustsolutions.com\/links\/\" \/>\n<meta property=\"og:locale\" content=\"es_ES\" \/>\n<meta property=\"og:type\" content=\"article\" \/>\n<meta property=\"og:title\" content=\"Enlaces\" \/>\n<meta property=\"og:description\" content=\"E&amp;T se registr\u00f3 formalmente ante la Superintendencia General de Entidades Financieras (&quot;SUGEF&quot;) el 26 de noviembre de 2007.\" \/>\n<meta property=\"og:url\" content=\"https:\/\/www.escrowtrustsolutions.com\/links\/\" \/>\n<meta property=\"og:site_name\" content=\"E&amp;T Solutions\" \/>\n<meta property=\"article:publisher\" content=\"https:\/\/www.facebook.com\/profile.php?id=100054564154140\" \/>\n<meta property=\"article:modified_time\" content=\"2023-10-24T17:05:14+00:00\" \/>\n<meta property=\"og:image\" content=\"https:\/\/www.escrowtrustsolutions.com\/wp-content\/uploads\/2023\/08\/equipo-2.webp\" \/>\n\t<meta property=\"og:image:width\" content=\"800\" \/>\n\t<meta property=\"og:image:height\" content=\"600\" \/>\n\t<meta property=\"og:image:type\" content=\"image\/webp\" \/>\n<meta name=\"twitter:card\" content=\"summary_large_image\" \/>\n<meta name=\"twitter:label1\" content=\"Tiempo de lectura\" \/>\n\t<meta name=\"twitter:data1\" content=\"1 minuto\" \/>\n<script type=\"application\/ld+json\" class=\"yoast-schema-graph\">{\"@context\":\"https:\/\/schema.org\",\"@graph\":[{\"@type\":\"WebPage\",\"@id\":\"https:\/\/www.escrowtrustsolutions.com\/links\/\",\"url\":\"https:\/\/www.escrowtrustsolutions.com\/links\/\",\"name\":\"Entidades financieras en Costa Rica - E&amp;T Solutions\",\"isPartOf\":{\"@id\":\"https:\/\/www.escrowtrustsolutions.com\/#website\"},\"datePublished\":\"2016-01-07T04:57:45+00:00\",\"dateModified\":\"2023-10-24T17:05:14+00:00\",\"description\":\"E&T se registr\u00f3 formalmente ante la Superintendencia General de Entidades Financieras (\\\"SUGEF\\\") el 26 de noviembre de 2007.\",\"breadcrumb\":{\"@id\":\"https:\/\/www.escrowtrustsolutions.com\/links\/#breadcrumb\"},\"inLanguage\":\"es\",\"potentialAction\":[{\"@type\":\"ReadAction\",\"target\":[\"https:\/\/www.escrowtrustsolutions.com\/links\/\"]}]},{\"@type\":\"BreadcrumbList\",\"@id\":\"https:\/\/www.escrowtrustsolutions.com\/links\/#breadcrumb\",\"itemListElement\":[{\"@type\":\"ListItem\",\"position\":1,\"name\":\"Home\",\"item\":\"https:\/\/www.escrowtrustsolutions.com\/\"},{\"@type\":\"ListItem\",\"position\":2,\"name\":\"Enlaces\"}]},{\"@type\":\"WebSite\",\"@id\":\"https:\/\/www.escrowtrustsolutions.com\/#website\",\"url\":\"https:\/\/www.escrowtrustsolutions.com\/\",\"name\":\"E&T Solutions\",\"description\":\"E&amp;T Escrow &amp; Trust Solutions S.R.L. is a Costa Rican company\",\"publisher\":{\"@id\":\"https:\/\/www.escrowtrustsolutions.com\/#organization\"},\"potentialAction\":[{\"@type\":\"SearchAction\",\"target\":{\"@type\":\"EntryPoint\",\"urlTemplate\":\"https:\/\/www.escrowtrustsolutions.com\/?s={search_term_string}\"},\"query-input\":\"required name=search_term_string\"}],\"inLanguage\":\"es\"},{\"@type\":\"Organization\",\"@id\":\"https:\/\/www.escrowtrustsolutions.com\/#organization\",\"name\":\"E&T Solutions\",\"url\":\"https:\/\/www.escrowtrustsolutions.com\/\",\"logo\":{\"@type\":\"ImageObject\",\"inLanguage\":\"es\",\"@id\":\"https:\/\/www.escrowtrustsolutions.com\/#\/schema\/logo\/image\/\",\"url\":\"https:\/\/www.escrowtrustsolutions.com\/wp-content\/uploads\/2023\/08\/logo-et-color.svg\",\"contentUrl\":\"https:\/\/www.escrowtrustsolutions.com\/wp-content\/uploads\/2023\/08\/logo-et-color.svg\",\"width\":1,\"height\":1,\"caption\":\"E&T Solutions\"},\"image\":{\"@id\":\"https:\/\/www.escrowtrustsolutions.com\/#\/schema\/logo\/image\/\"},\"sameAs\":[\"https:\/\/www.facebook.com\/profile.php?id=100054564154140\",\"https:\/\/www.instagram.com\/escrow_and_trust_solutions\/\",\"https:\/\/www.youtube.com\/@etescrowandtrustsolutions4708\"]}]}<\/script>\n<!-- \/ Yoast SEO Premium plugin. -->","yoast_head_json":{"title":"Entidades financieras en Costa Rica - E&amp;T Solutions","description":"E&T se registr\u00f3 formalmente ante la Superintendencia General de Entidades Financieras (\"SUGEF\") el 26 de noviembre de 2007.","robots":{"index":"index","follow":"follow","max-snippet":"max-snippet:-1","max-image-preview":"max-image-preview:large","max-video-preview":"max-video-preview:-1"},"canonical":"https:\/\/www.escrowtrustsolutions.com\/links\/","og_locale":"es_ES","og_type":"article","og_title":"Enlaces","og_description":"E&T se registr\u00f3 formalmente ante la Superintendencia General de Entidades Financieras (\"SUGEF\") el 26 de noviembre de 2007.","og_url":"https:\/\/www.escrowtrustsolutions.com\/links\/","og_site_name":"E&amp;T Solutions","article_publisher":"https:\/\/www.facebook.com\/profile.php?id=100054564154140","article_modified_time":"2023-10-24T17:05:14+00:00","og_image":[{"width":800,"height":600,"url":"https:\/\/www.escrowtrustsolutions.com\/wp-content\/uploads\/2023\/08\/equipo-2.webp","type":"image\/webp"}],"twitter_card":"summary_large_image","twitter_misc":{"Tiempo de lectura":"1 minuto"},"schema":{"@context":"https:\/\/schema.org","@graph":[{"@type":"WebPage","@id":"https:\/\/www.escrowtrustsolutions.com\/links\/","url":"https:\/\/www.escrowtrustsolutions.com\/links\/","name":"Entidades financieras en Costa Rica - E&amp;T Solutions","isPartOf":{"@id":"https:\/\/www.escrowtrustsolutions.com\/#website"},"datePublished":"2016-01-07T04:57:45+00:00","dateModified":"2023-10-24T17:05:14+00:00","description":"E&T se registr\u00f3 formalmente ante la Superintendencia General de Entidades Financieras (\"SUGEF\") el 26 de noviembre de 2007.","breadcrumb":{"@id":"https:\/\/www.escrowtrustsolutions.com\/links\/#breadcrumb"},"inLanguage":"es","potentialAction":[{"@type":"ReadAction","target":["https:\/\/www.escrowtrustsolutions.com\/links\/"]}]},{"@type":"BreadcrumbList","@id":"https:\/\/www.escrowtrustsolutions.com\/links\/#breadcrumb","itemListElement":[{"@type":"ListItem","position":1,"name":"Home","item":"https:\/\/www.escrowtrustsolutions.com\/"},{"@type":"ListItem","position":2,"name":"Enlaces"}]},{"@type":"WebSite","@id":"https:\/\/www.escrowtrustsolutions.com\/#website","url":"https:\/\/www.escrowtrustsolutions.com\/","name":"E&T Solutions","description":"E&amp;T Escrow &amp; Trust Solutions S.R.L. is a Costa Rican company","publisher":{"@id":"https:\/\/www.escrowtrustsolutions.com\/#organization"},"potentialAction":[{"@type":"SearchAction","target":{"@type":"EntryPoint","urlTemplate":"https:\/\/www.escrowtrustsolutions.com\/?s={search_term_string}"},"query-input":"required name=search_term_string"}],"inLanguage":"es"},{"@type":"Organization","@id":"https:\/\/www.escrowtrustsolutions.com\/#organization","name":"E&T Solutions","url":"https:\/\/www.escrowtrustsolutions.com\/","logo":{"@type":"ImageObject","inLanguage":"es","@id":"https:\/\/www.escrowtrustsolutions.com\/#\/schema\/logo\/image\/","url":"https:\/\/www.escrowtrustsolutions.com\/wp-content\/uploads\/2023\/08\/logo-et-color.svg","contentUrl":"https:\/\/www.escrowtrustsolutions.com\/wp-content\/uploads\/2023\/08\/logo-et-color.svg","width":1,"height":1,"caption":"E&T Solutions"},"image":{"@id":"https:\/\/www.escrowtrustsolutions.com\/#\/schema\/logo\/image\/"},"sameAs":["https:\/\/www.facebook.com\/profile.php?id=100054564154140","https:\/\/www.instagram.com\/escrow_and_trust_solutions\/","https:\/\/www.youtube.com\/@etescrowandtrustsolutions4708"]}]}},"_links":{"self":[{"href":"https:\/\/www.escrowtrustsolutions.com\/es\/wp-json\/wp\/v2\/pages\/9246","targetHints":{"allow":["GET"]}}],"collection":[{"href":"https:\/\/www.escrowtrustsolutions.com\/es\/wp-json\/wp\/v2\/pages"}],"about":[{"href":"https:\/\/www.escrowtrustsolutions.com\/es\/wp-json\/wp\/v2\/types\/page"}],"author":[{"embeddable":true,"href":"https:\/\/www.escrowtrustsolutions.com\/es\/wp-json\/wp\/v2\/users\/1"}],"replies":[{"embeddable":true,"href":"https:\/\/www.escrowtrustsolutions.com\/es\/wp-json\/wp\/v2\/comments?post=9246"}],"version-history":[{"count":0,"href":"https:\/\/www.escrowtrustsolutions.com\/es\/wp-json\/wp\/v2\/pages\/9246\/revisions"}],"wp:featuredmedia":[{"embeddable":true,"href":"https:\/\/www.escrowtrustsolutions.com\/es\/wp-json\/wp\/v2\/media\/9162"}],"wp:attachment":[{"href":"https:\/\/www.escrowtrustsolutions.com\/es\/wp-json\/wp\/v2\/media?parent=9246"}],"curies":[{"name":"wp","href":"https:\/\/api.w.org\/{rel}","templated":true}]}}