{"id":9513,"date":"2023-08-23T19:23:23","date_gmt":"2023-08-23T17:23:23","guid":{"rendered":"https:\/\/zewsdemo.com\/etsolutions\/our-team\/"},"modified":"2023-10-24T20:01:08","modified_gmt":"2023-10-24T18:01:08","slug":"nuestro-equipo","status":"publish","type":"page","link":"https:\/\/www.escrowtrustsolutions.com\/es\/nuestro-equipo\/","title":{"rendered":"Nuestro equipo"},"content":{"rendered":"\t\t<div data-elementor-type=\"wp-page\" data-elementor-id=\"9513\" class=\"elementor elementor-9513 elementor-8213\">\n\t\t\t\t\t\t\t\t\t<section class=\"elementor-section elementor-top-section elementor-element elementor-element-c6e9f28 elementor-section-boxed elementor-section-height-default elementor-section-height-default\" data-id=\"c6e9f28\" data-element_type=\"section\">\n\t\t\t\t\t\t<div class=\"elementor-container elementor-column-gap-default\">\n\t\t\t\t\t<div class=\"elementor-column elementor-col-50 elementor-top-column elementor-element elementor-element-973840e\" data-id=\"973840e\" data-element_type=\"column\">\n\t\t\t<div class=\"elementor-widget-wrap elementor-element-populated\">\n\t\t\t\t\t\t\t\t<div class=\"elementor-element elementor-element-4129be2 elementor-widget elementor-widget-image\" data-id=\"4129be2\" data-element_type=\"widget\" data-widget_type=\"image.default\">\n\t\t\t\t<div class=\"elementor-widget-container\">\n\t\t\t<style>\/*! elementor - v3.16.0 - 17-10-2023 *\/\n.elementor-widget-image{text-align:center}.elementor-widget-image a{display:inline-block}.elementor-widget-image a img[src$=\".svg\"]{width:48px}.elementor-widget-image img{vertical-align:middle;display:inline-block}<\/style>\t\t\t\t\t\t\t\t\t\t\t\t\t<a href=\"https:\/\/www.escrowtrustsolutions.com\/wp-content\/uploads\/2023\/08\/equipo-completo-1-1.webp\" data-elementor-open-lightbox=\"yes\" data-elementor-lightbox-title=\"E&amp;T Team\" data-e-action-hash=\"#elementor-action%3Aaction%3Dlightbox%26settings%3DeyJpZCI6OTE4OSwidXJsIjoiaHR0cHM6XC9cL3d3dy5lc2Nyb3d0cnVzdHNvbHV0aW9ucy5jb21cL3dwLWNvbnRlbnRcL3VwbG9hZHNcLzIwMjNcLzA4XC9lcXVpcG8tY29tcGxldG8tMS0xLndlYnAifQ%3D%3D\">\n\t\t\t\t\t\t\t<img decoding=\"async\" width=\"800\" height=\"600\" src=\"https:\/\/www.escrowtrustsolutions.com\/wp-content\/uploads\/2023\/08\/equipo-completo-1-1.webp\" class=\"attachment-full size-full wp-image-9189\" alt=\"E&amp;T Team\" srcset=\"https:\/\/www.escrowtrustsolutions.com\/wp-content\/uploads\/2023\/08\/equipo-completo-1-1.webp 800w, https:\/\/www.escrowtrustsolutions.com\/wp-content\/uploads\/2023\/08\/equipo-completo-1-1-300x225.webp 300w, https:\/\/www.escrowtrustsolutions.com\/wp-content\/uploads\/2023\/08\/equipo-completo-1-1-768x576.webp 768w, https:\/\/www.escrowtrustsolutions.com\/wp-content\/uploads\/2023\/08\/equipo-completo-1-1-600x450.webp 600w\" sizes=\"(max-width: 800px) 100vw, 800px\" \/>\t\t\t\t\t\t\t\t<\/a>\n\t\t\t\t\t\t\t\t\t\t\t\t\t\t\t<\/div>\n\t\t\t\t<\/div>\n\t\t\t\t\t<\/div>\n\t\t<\/div>\n\t\t\t\t<div class=\"elementor-column elementor-col-50 elementor-top-column elementor-element elementor-element-a7fa04e\" data-id=\"a7fa04e\" data-element_type=\"column\">\n\t\t\t<div class=\"elementor-widget-wrap elementor-element-populated\">\n\t\t\t\t\t\t\t\t<div class=\"elementor-element elementor-element-f6839c2 elementor-widget elementor-widget-vc_custom_heading\" data-id=\"f6839c2\" data-element_type=\"widget\" data-widget_type=\"vc_custom_heading.default\">\n\t\t\t\t<div class=\"elementor-widget-container\">\n\t\t\t<div class=\" vc_custom_heading  consulting_heading_font  text_align_left title_no_stripe\" ><h2 style=\"text-align: left;font-weight:700\" class=\"consulting-custom-title\">Conozca nuestro equipo\n<\/h2><\/div>\t\t<\/div>\n\t\t\t\t<\/div>\n\t\t\t\t<div class=\"elementor-element elementor-element-8c69ca8 elementor-widget elementor-widget-heading\" data-id=\"8c69ca8\" data-element_type=\"widget\" data-widget_type=\"heading.default\">\n\t\t\t\t<div class=\"elementor-widget-container\">\n\t\t\t<style>\/*! elementor - v3.16.0 - 17-10-2023 *\/\n.elementor-heading-title{padding:0;margin:0;line-height:1}.elementor-widget-heading .elementor-heading-title[class*=elementor-size-]>a{color:inherit;font-size:inherit;line-height:inherit}.elementor-widget-heading .elementor-heading-title.elementor-size-small{font-size:15px}.elementor-widget-heading .elementor-heading-title.elementor-size-medium{font-size:19px}.elementor-widget-heading .elementor-heading-title.elementor-size-large{font-size:29px}.elementor-widget-heading .elementor-heading-title.elementor-size-xl{font-size:39px}.elementor-widget-heading .elementor-heading-title.elementor-size-xxl{font-size:59px}<\/style><h3 class=\"elementor-heading-title elementor-size-default\">El equipo de E&T est\u00e1 compuesto por excelentes profesionales<\/h3>\t\t<\/div>\n\t\t\t\t<\/div>\n\t\t\t\t<div class=\"elementor-element elementor-element-b8d7d7d elementor-widget elementor-widget-text-editor\" data-id=\"b8d7d7d\" data-element_type=\"widget\" data-widget_type=\"text-editor.default\">\n\t\t\t\t<div class=\"elementor-widget-container\">\n\t\t\t<style>\/*! elementor - v3.16.0 - 17-10-2023 *\/\n.elementor-widget-text-editor.elementor-drop-cap-view-stacked .elementor-drop-cap{background-color:#69727d;color:#fff}.elementor-widget-text-editor.elementor-drop-cap-view-framed .elementor-drop-cap{color:#69727d;border:3px solid;background-color:transparent}.elementor-widget-text-editor:not(.elementor-drop-cap-view-default) .elementor-drop-cap{margin-top:8px}.elementor-widget-text-editor:not(.elementor-drop-cap-view-default) .elementor-drop-cap-letter{width:1em;height:1em}.elementor-widget-text-editor .elementor-drop-cap{float:left;text-align:center;line-height:1;font-size:50px}.elementor-widget-text-editor .elementor-drop-cap-letter{display:inline-block}<\/style>\t\t\t\t<p><span style=\"font-weight: 400;\">Amables, atentos y dispuestos a brindar un buen servicio a nuestros clientes. Son miembros de escuelas de administraci\u00f3n y\/o del Colegio de Contadores de Costa Rica. Est\u00e1n ampliamente comprometidos y en constante formaci\u00f3n y actualizaci\u00f3n en las leyes y regulaciones actuales, para asesorar eficientemente a nuestros clientes y cumplir con las regulaciones vigentes. Somos un equipo enfocado en brindar soluciones y alternativas a nuestros clientes.<\/span><\/p>\n\t\t\t\t\t\t<\/div>\n\t\t\t\t<\/div>\n\t\t\t\t\t<\/div>\n\t\t<\/div>\n\t\t\t\t\t\t\t<\/div>\n\t\t<\/section>\n\t\t\t\t<section class=\"elementor-section elementor-top-section elementor-element elementor-element-b51d66f third_bg_color elementor-section-boxed elementor-section-height-default elementor-section-height-default\" data-id=\"b51d66f\" data-element_type=\"section\" data-settings=\"{&quot;background_background&quot;:&quot;classic&quot;}\">\n\t\t\t\t\t\t<div class=\"elementor-container elementor-column-gap-default\">\n\t\t\t\t\t<div class=\"elementor-column elementor-col-100 elementor-top-column elementor-element elementor-element-b51da56\" data-id=\"b51da56\" data-element_type=\"column\">\n\t\t\t<div class=\"elementor-widget-wrap elementor-element-populated\">\n\t\t\t\t\t\t\t\t<div class=\"elementor-element elementor-element-b51dd72 elementor-widget elementor-widget-vc_cta\" data-id=\"b51dd72\" data-element_type=\"widget\" data-widget_type=\"vc_cta.default\">\n\t\t\t\t<div class=\"elementor-widget-container\">\n\t\t\t\n<div class=\"ce_cta ce_cta_859677507460f055209c50cec10c7e90 ce_text_left third_bg_color add_button_right btn_align_right btn_button_block_true btn_has_icon btn_has_icon_on_the_right\" id=\"\">\n\t<div class=\"ce_cta__content\">\n\t\t<div class=\"ce_cta__content__header\">\n\t\t\t<h2  class='ce_cta__content__title '>\u00bfBuscas una compa\u00f1\u00eda fiduciaria en Costa Rica?<\/h2>\t\t<\/div>\n\t\t\t<\/div>\n\n\t\t<div class=\"ce_cta__action\">\n\t\t<a\n\t\t\thref=\"\/es\/contacto\/\"\n\t\t\t\t\t\ttarget=\"_self\"\n\t\t\tclass=\"button\n\t\t\t\t\t\">\n\t\t\t<span>Haga Clic Aqu\u00ed<\/span>\n\t\t\t\t\t\t<i class=\"fa fa-chevron-right\"><\/i>\n\t\t\t\t\t<\/a>\n\t<\/div>\n\t<\/div>\n\t\t<\/div>\n\t\t\t\t<\/div>\n\t\t\t\t\t<\/div>\n\t\t<\/div>\n\t\t\t\t\t\t\t<\/div>\n\t\t<\/section>\n\t\t\t\t\t\t\t<\/div>\n\t\t","protected":false},"excerpt":{"rendered":"<p>Conozca nuestro equipo El equipo de E&#038;T est\u00e1 compuesto por excelentes profesionales Amables, atentos y dispuestos a brindar un buen servicio a nuestros clientes. Son miembros de escuelas de administraci\u00f3n y\/o del Colegio de Contadores de Costa Rica. Est\u00e1n ampliamente comprometidos y en constante formaci\u00f3n y actualizaci\u00f3n en las leyes y regulaciones actuales, para asesorar<\/p>\n","protected":false},"author":1,"featured_media":9163,"parent":0,"menu_order":0,"comment_status":"closed","ping_status":"closed","template":"","meta":{"_joinchat":[],"footnotes":""},"class_list":["post-9513","page","type-page","status-publish","has-post-thumbnail","hentry"],"yoast_head":"<!-- This site is optimized with the Yoast SEO Premium plugin v21.4 (Yoast SEO v21.4) - https:\/\/yoast.com\/wordpress\/plugins\/seo\/ -->\n<title>Contadores financieros en Costa Rica - E&amp;T Solutions<\/title>\n<meta name=\"description\" content=\"Todos nuestros colaboradores, son miembros de escuelas de administraci\u00f3n y\/o del Colegio de Contadores de Costa Rica.\" \/>\n<meta name=\"robots\" content=\"index, follow, max-snippet:-1, max-image-preview:large, max-video-preview:-1\" \/>\n<link rel=\"canonical\" href=\"https:\/\/www.escrowtrustsolutions.com\/our-team\/\" \/>\n<meta property=\"og:locale\" content=\"es_ES\" \/>\n<meta property=\"og:type\" content=\"article\" \/>\n<meta property=\"og:title\" content=\"Nuestro equipo\" \/>\n<meta property=\"og:description\" content=\"Todos nuestros colaboradores, son miembros de escuelas de administraci\u00f3n y\/o del Colegio de Contadores de Costa Rica.\" \/>\n<meta property=\"og:url\" content=\"https:\/\/www.escrowtrustsolutions.com\/our-team\/\" \/>\n<meta property=\"og:site_name\" content=\"E&amp;T Solutions\" \/>\n<meta property=\"article:publisher\" content=\"https:\/\/www.facebook.com\/profile.php?id=100054564154140\" \/>\n<meta property=\"article:modified_time\" content=\"2023-10-24T18:01:08+00:00\" \/>\n<meta property=\"og:image\" content=\"https:\/\/www.escrowtrustsolutions.com\/wp-content\/uploads\/2023\/08\/equipo-completo-1.webp\" \/>\n\t<meta property=\"og:image:width\" content=\"800\" \/>\n\t<meta property=\"og:image:height\" content=\"600\" \/>\n\t<meta property=\"og:image:type\" content=\"image\/webp\" \/>\n<meta name=\"twitter:card\" content=\"summary_large_image\" \/>\n<meta name=\"twitter:label1\" content=\"Tiempo de lectura\" \/>\n\t<meta name=\"twitter:data1\" content=\"1 minuto\" \/>\n<script type=\"application\/ld+json\" class=\"yoast-schema-graph\">{\"@context\":\"https:\/\/schema.org\",\"@graph\":[{\"@type\":\"WebPage\",\"@id\":\"https:\/\/www.escrowtrustsolutions.com\/our-team\/\",\"url\":\"https:\/\/www.escrowtrustsolutions.com\/our-team\/\",\"name\":\"Contadores financieros en Costa Rica - E&amp;T Solutions\",\"isPartOf\":{\"@id\":\"https:\/\/www.escrowtrustsolutions.com\/#website\"},\"datePublished\":\"2023-08-23T17:23:23+00:00\",\"dateModified\":\"2023-10-24T18:01:08+00:00\",\"description\":\"Todos nuestros colaboradores, son miembros de escuelas de administraci\u00f3n y\/o del Colegio de Contadores de Costa Rica.\",\"breadcrumb\":{\"@id\":\"https:\/\/www.escrowtrustsolutions.com\/our-team\/#breadcrumb\"},\"inLanguage\":\"es\",\"potentialAction\":[{\"@type\":\"ReadAction\",\"target\":[\"https:\/\/www.escrowtrustsolutions.com\/our-team\/\"]}]},{\"@type\":\"BreadcrumbList\",\"@id\":\"https:\/\/www.escrowtrustsolutions.com\/our-team\/#breadcrumb\",\"itemListElement\":[{\"@type\":\"ListItem\",\"position\":1,\"name\":\"Home\",\"item\":\"https:\/\/www.escrowtrustsolutions.com\/\"},{\"@type\":\"ListItem\",\"position\":2,\"name\":\"Nuestro equipo\"}]},{\"@type\":\"WebSite\",\"@id\":\"https:\/\/www.escrowtrustsolutions.com\/#website\",\"url\":\"https:\/\/www.escrowtrustsolutions.com\/\",\"name\":\"E&T Solutions\",\"description\":\"E&amp;T Escrow &amp; Trust Solutions S.R.L. is a Costa Rican company\",\"publisher\":{\"@id\":\"https:\/\/www.escrowtrustsolutions.com\/#organization\"},\"potentialAction\":[{\"@type\":\"SearchAction\",\"target\":{\"@type\":\"EntryPoint\",\"urlTemplate\":\"https:\/\/www.escrowtrustsolutions.com\/?s={search_term_string}\"},\"query-input\":\"required name=search_term_string\"}],\"inLanguage\":\"es\"},{\"@type\":\"Organization\",\"@id\":\"https:\/\/www.escrowtrustsolutions.com\/#organization\",\"name\":\"E&T Solutions\",\"url\":\"https:\/\/www.escrowtrustsolutions.com\/\",\"logo\":{\"@type\":\"ImageObject\",\"inLanguage\":\"es\",\"@id\":\"https:\/\/www.escrowtrustsolutions.com\/#\/schema\/logo\/image\/\",\"url\":\"https:\/\/www.escrowtrustsolutions.com\/wp-content\/uploads\/2023\/08\/logo-et-color.svg\",\"contentUrl\":\"https:\/\/www.escrowtrustsolutions.com\/wp-content\/uploads\/2023\/08\/logo-et-color.svg\",\"width\":1,\"height\":1,\"caption\":\"E&T Solutions\"},\"image\":{\"@id\":\"https:\/\/www.escrowtrustsolutions.com\/#\/schema\/logo\/image\/\"},\"sameAs\":[\"https:\/\/www.facebook.com\/profile.php?id=100054564154140\",\"https:\/\/www.instagram.com\/escrow_and_trust_solutions\/\",\"https:\/\/www.youtube.com\/@etescrowandtrustsolutions4708\"]}]}<\/script>\n<!-- \/ Yoast SEO Premium plugin. -->","yoast_head_json":{"title":"Contadores financieros en Costa Rica - E&amp;T Solutions","description":"Todos nuestros colaboradores, son miembros de escuelas de administraci\u00f3n y\/o del Colegio de Contadores de Costa Rica.","robots":{"index":"index","follow":"follow","max-snippet":"max-snippet:-1","max-image-preview":"max-image-preview:large","max-video-preview":"max-video-preview:-1"},"canonical":"https:\/\/www.escrowtrustsolutions.com\/our-team\/","og_locale":"es_ES","og_type":"article","og_title":"Nuestro equipo","og_description":"Todos nuestros colaboradores, son miembros de escuelas de administraci\u00f3n y\/o del Colegio de Contadores de Costa Rica.","og_url":"https:\/\/www.escrowtrustsolutions.com\/our-team\/","og_site_name":"E&amp;T Solutions","article_publisher":"https:\/\/www.facebook.com\/profile.php?id=100054564154140","article_modified_time":"2023-10-24T18:01:08+00:00","og_image":[{"width":800,"height":600,"url":"https:\/\/www.escrowtrustsolutions.com\/wp-content\/uploads\/2023\/08\/equipo-completo-1.webp","type":"image\/webp"}],"twitter_card":"summary_large_image","twitter_misc":{"Tiempo de lectura":"1 minuto"},"schema":{"@context":"https:\/\/schema.org","@graph":[{"@type":"WebPage","@id":"https:\/\/www.escrowtrustsolutions.com\/our-team\/","url":"https:\/\/www.escrowtrustsolutions.com\/our-team\/","name":"Contadores financieros en Costa Rica - E&amp;T Solutions","isPartOf":{"@id":"https:\/\/www.escrowtrustsolutions.com\/#website"},"datePublished":"2023-08-23T17:23:23+00:00","dateModified":"2023-10-24T18:01:08+00:00","description":"Todos nuestros colaboradores, son miembros de escuelas de administraci\u00f3n y\/o del Colegio de Contadores de Costa Rica.","breadcrumb":{"@id":"https:\/\/www.escrowtrustsolutions.com\/our-team\/#breadcrumb"},"inLanguage":"es","potentialAction":[{"@type":"ReadAction","target":["https:\/\/www.escrowtrustsolutions.com\/our-team\/"]}]},{"@type":"BreadcrumbList","@id":"https:\/\/www.escrowtrustsolutions.com\/our-team\/#breadcrumb","itemListElement":[{"@type":"ListItem","position":1,"name":"Home","item":"https:\/\/www.escrowtrustsolutions.com\/"},{"@type":"ListItem","position":2,"name":"Nuestro equipo"}]},{"@type":"WebSite","@id":"https:\/\/www.escrowtrustsolutions.com\/#website","url":"https:\/\/www.escrowtrustsolutions.com\/","name":"E&T Solutions","description":"E&amp;T Escrow &amp; Trust Solutions S.R.L. is a Costa Rican company","publisher":{"@id":"https:\/\/www.escrowtrustsolutions.com\/#organization"},"potentialAction":[{"@type":"SearchAction","target":{"@type":"EntryPoint","urlTemplate":"https:\/\/www.escrowtrustsolutions.com\/?s={search_term_string}"},"query-input":"required name=search_term_string"}],"inLanguage":"es"},{"@type":"Organization","@id":"https:\/\/www.escrowtrustsolutions.com\/#organization","name":"E&T Solutions","url":"https:\/\/www.escrowtrustsolutions.com\/","logo":{"@type":"ImageObject","inLanguage":"es","@id":"https:\/\/www.escrowtrustsolutions.com\/#\/schema\/logo\/image\/","url":"https:\/\/www.escrowtrustsolutions.com\/wp-content\/uploads\/2023\/08\/logo-et-color.svg","contentUrl":"https:\/\/www.escrowtrustsolutions.com\/wp-content\/uploads\/2023\/08\/logo-et-color.svg","width":1,"height":1,"caption":"E&T Solutions"},"image":{"@id":"https:\/\/www.escrowtrustsolutions.com\/#\/schema\/logo\/image\/"},"sameAs":["https:\/\/www.facebook.com\/profile.php?id=100054564154140","https:\/\/www.instagram.com\/escrow_and_trust_solutions\/","https:\/\/www.youtube.com\/@etescrowandtrustsolutions4708"]}]}},"_links":{"self":[{"href":"https:\/\/www.escrowtrustsolutions.com\/es\/wp-json\/wp\/v2\/pages\/9513","targetHints":{"allow":["GET"]}}],"collection":[{"href":"https:\/\/www.escrowtrustsolutions.com\/es\/wp-json\/wp\/v2\/pages"}],"about":[{"href":"https:\/\/www.escrowtrustsolutions.com\/es\/wp-json\/wp\/v2\/types\/page"}],"author":[{"embeddable":true,"href":"https:\/\/www.escrowtrustsolutions.com\/es\/wp-json\/wp\/v2\/users\/1"}],"replies":[{"embeddable":true,"href":"https:\/\/www.escrowtrustsolutions.com\/es\/wp-json\/wp\/v2\/comments?post=9513"}],"version-history":[{"count":0,"href":"https:\/\/www.escrowtrustsolutions.com\/es\/wp-json\/wp\/v2\/pages\/9513\/revisions"}],"wp:featuredmedia":[{"embeddable":true,"href":"https:\/\/www.escrowtrustsolutions.com\/es\/wp-json\/wp\/v2\/media\/9163"}],"wp:attachment":[{"href":"https:\/\/www.escrowtrustsolutions.com\/es\/wp-json\/wp\/v2\/media?parent=9513"}],"curies":[{"name":"wp","href":"https:\/\/api.w.org\/{rel}","templated":true}]}}