{"id":9557,"date":"2016-01-06T09:37:51","date_gmt":"2016-01-06T15:37:51","guid":{"rendered":"https:\/\/zewsdemo.com\/etsolutions\/testimonials-page\/"},"modified":"2024-09-27T16:43:30","modified_gmt":"2024-09-27T22:43:30","slug":"testimonios","status":"publish","type":"page","link":"https:\/\/www.escrowtrustsolutions.com\/es\/testimonios\/","title":{"rendered":"Testimonios"},"content":{"rendered":"\t\t<div data-elementor-type=\"wp-page\" data-elementor-id=\"9557\" class=\"elementor elementor-9557 elementor-324\">\n\t\t\t\t\t\t\t\t\t<section class=\"elementor-section elementor-top-section elementor-element elementor-element-1e514e3 elementor-section-boxed elementor-section-height-default elementor-section-height-default\" data-id=\"1e514e3\" data-element_type=\"section\" data-settings=\"{&quot;background_background&quot;:&quot;classic&quot;}\">\n\t\t\t\t\t\t\t<div class=\"elementor-background-overlay\"><\/div>\n\t\t\t\t\t\t\t<div class=\"elementor-container elementor-column-gap-default\">\n\t\t\t\t\t<div class=\"elementor-column elementor-col-100 elementor-top-column elementor-element elementor-element-2fd5331\" data-id=\"2fd5331\" data-element_type=\"column\">\n\t\t\t<div class=\"elementor-widget-wrap elementor-element-populated\">\n\t\t\t\t\t\t\t\t<div class=\"elementor-element elementor-element-d0ca6bc elementor-widget elementor-widget-vc_custom_heading\" data-id=\"d0ca6bc\" data-element_type=\"widget\" data-widget_type=\"vc_custom_heading.default\">\n\t\t\t\t<div class=\"elementor-widget-container\">\n\t\t\t<div class=\" vc_custom_heading  consulting_heading_font  text_align_center\" ><h2 style=\"text-align: center;font-weight:700\" class=\"consulting-custom-title\">Testimonios de nuestros clientes\n<\/h2><\/div>\t\t<\/div>\n\t\t\t\t<\/div>\n\t\t\t\t<div class=\"elementor-element elementor-element-6717349 elementor-widget elementor-widget-stm_testimonials_carousel\" data-id=\"6717349\" data-element_type=\"widget\" data-widget_type=\"stm_testimonials_carousel.default\">\n\t\t\t\t<div class=\"elementor-widget-container\">\n\t\t\t\t<div class=\" consulting_elementor_testimonials_carousel testimonials_carousel style_9\" id=\"partners_carousel_69ff3ad289d90\">\n\t\t\t\t\t<div class=\"testimonial\">\n\t\t\t\t<div class=\"testimonial-inner\">\n\t\t\t\t\t<div class=\"testimonial-text\" ><p>Recomendaci\u00f3n. Le damos las gracias a usted y al resto del personal de E&#038;T, ha sido un placer trabajar con ustedes. Si en el futuro decidimos hacer negocios en CR, sin duda volveremos a recurrir a su empresa.<\/p>\n<\/div>\n\t\t\t\t\t<div class=\"testimonial-info\">\n\t\t\t\t\t\t<div class=\"testimonial-bottom\">\n\t\t\t\t\t\t\t<div class=\"name\">\n\t\t\t\t\t\t\t\t\t\t\t\t\t\t\t\t\tMark Lambert\t\t\t\t\t\t\t\t\t\t\t\t\t\t\t<\/div>\n\t\t\t\t\t\t\t<div class=\"company\">\n\t\t\t\t\t\t\t\tMICHIGAN USA\t\t\t\t\t\t\t<\/div>\n\t\t\t\t\t\t<\/div>\n\t\t\t\t\t\t\t\t\t\t\t\t\t<div class=\"testimonial-image\"><img decoding=\"async\" width=\"320\" height=\"320\" src=\"https:\/\/www.escrowtrustsolutions.com\/wp-content\/uploads\/2016\/01\/user-not-image-320x320.webp\" class=\"attachment-consulting-image-320x320-croped size-consulting-image-320x320-croped wp-post-image\" alt=\"\" srcset=\"https:\/\/www.escrowtrustsolutions.com\/wp-content\/uploads\/2016\/01\/user-not-image-320x320.webp 320w, https:\/\/www.escrowtrustsolutions.com\/wp-content\/uploads\/2016\/01\/user-not-image-300x300.webp 300w, https:\/\/www.escrowtrustsolutions.com\/wp-content\/uploads\/2016\/01\/user-not-image-150x150.webp 150w, https:\/\/www.escrowtrustsolutions.com\/wp-content\/uploads\/2016\/01\/user-not-image-50x50.webp 50w, https:\/\/www.escrowtrustsolutions.com\/wp-content\/uploads\/2016\/01\/user-not-image-100x100.webp 100w, https:\/\/www.escrowtrustsolutions.com\/wp-content\/uploads\/2016\/01\/user-not-image.webp 360w\" sizes=\"(max-width: 320px) 100vw, 320px\" \/><\/div>\n\t\t\t\t\t\t\t\t\t\t\t<\/div>\n\t\t\t\t<\/div>\n\t\t\t<\/div>\n\t\t\t\t\t<div class=\"testimonial\">\n\t\t\t\t<div class=\"testimonial-inner\">\n\t\t\t\t\t<div class=\"testimonial-text\" ><p>Ha sido un placer trabajar con usted y su equipo. Hab\u00e9is proporcionado un servicio de atenci\u00f3n al cliente excepcional y unos procesos bien organizados para realizar el trabajo sin problemas y con eficacia. Gracias de nuevo.<\/p>\n<\/div>\n\t\t\t\t\t<div class=\"testimonial-info\">\n\t\t\t\t\t\t<div class=\"testimonial-bottom\">\n\t\t\t\t\t\t\t<div class=\"name\">\n\t\t\t\t\t\t\t\t\t\t\t\t\t\t\t\t\tTracy Darichuk\t\t\t\t\t\t\t\t\t\t\t\t\t\t\t<\/div>\n\t\t\t\t\t\t\t<div class=\"company\">\n\t\t\t\t\t\t\t\tCANADA\t\t\t\t\t\t\t<\/div>\n\t\t\t\t\t\t<\/div>\n\t\t\t\t\t\t\t\t\t\t\t\t\t<div class=\"testimonial-image\"><img decoding=\"async\" width=\"320\" height=\"320\" src=\"https:\/\/www.escrowtrustsolutions.com\/wp-content\/uploads\/2016\/01\/user-not-image-320x320.webp\" class=\"attachment-consulting-image-320x320-croped size-consulting-image-320x320-croped wp-post-image\" alt=\"\" srcset=\"https:\/\/www.escrowtrustsolutions.com\/wp-content\/uploads\/2016\/01\/user-not-image-320x320.webp 320w, https:\/\/www.escrowtrustsolutions.com\/wp-content\/uploads\/2016\/01\/user-not-image-300x300.webp 300w, https:\/\/www.escrowtrustsolutions.com\/wp-content\/uploads\/2016\/01\/user-not-image-150x150.webp 150w, https:\/\/www.escrowtrustsolutions.com\/wp-content\/uploads\/2016\/01\/user-not-image-50x50.webp 50w, https:\/\/www.escrowtrustsolutions.com\/wp-content\/uploads\/2016\/01\/user-not-image-100x100.webp 100w, https:\/\/www.escrowtrustsolutions.com\/wp-content\/uploads\/2016\/01\/user-not-image.webp 360w\" sizes=\"(max-width: 320px) 100vw, 320px\" \/><\/div>\n\t\t\t\t\t\t\t\t\t\t\t<\/div>\n\t\t\t\t<\/div>\n\t\t\t<\/div>\n\t\t\t\t\t<div class=\"testimonial\">\n\t\t\t\t<div class=\"testimonial-inner\">\n\t\t\t\t\t<div class=\"testimonial-text\" ><p>S\u00f3lo quer\u00eda dejaros una nota r\u00e1pida para agradeceros enormemente todo lo que hac\u00e9is. Su trabajo es r\u00e1pido y conciso. Siempre es un placer trabajar con vosotros. Adem\u00e1s, me gustar\u00eda mencionar que si me salto el env\u00edo de correos electr\u00f3nicos de agradecimiento a vuestras confirmaciones de pago, no es porque no las aprecie. M\u00e1s bien, es simplemente para ahorrar su valioso tiempo. Por favor, sabed que siempre estoy agradecido por cada peque\u00f1a ayuda, aunque no lo diga siempre. Gracias de nuevo por ser tan incre\u00edble y por seguir trabajando tan bien.<\/p>\n<\/div>\n\t\t\t\t\t<div class=\"testimonial-info\">\n\t\t\t\t\t\t<div class=\"testimonial-bottom\">\n\t\t\t\t\t\t\t<div class=\"name\">\n\t\t\t\t\t\t\t\t\t\t\t\t\t\t\t\t\tRyan Weaver\t\t\t\t\t\t\t\t\t\t\t\t\t\t\t<\/div>\n\t\t\t\t\t\t\t<div class=\"company\">\n\t\t\t\t\t\t\t\tOREGON USA\t\t\t\t\t\t\t<\/div>\n\t\t\t\t\t\t<\/div>\n\t\t\t\t\t\t\t\t\t\t\t\t\t<div class=\"testimonial-image\"><img decoding=\"async\" width=\"320\" height=\"320\" src=\"https:\/\/www.escrowtrustsolutions.com\/wp-content\/uploads\/2016\/01\/user-not-image-320x320.webp\" class=\"attachment-consulting-image-320x320-croped size-consulting-image-320x320-croped wp-post-image\" alt=\"\" srcset=\"https:\/\/www.escrowtrustsolutions.com\/wp-content\/uploads\/2016\/01\/user-not-image-320x320.webp 320w, https:\/\/www.escrowtrustsolutions.com\/wp-content\/uploads\/2016\/01\/user-not-image-300x300.webp 300w, https:\/\/www.escrowtrustsolutions.com\/wp-content\/uploads\/2016\/01\/user-not-image-150x150.webp 150w, https:\/\/www.escrowtrustsolutions.com\/wp-content\/uploads\/2016\/01\/user-not-image-50x50.webp 50w, https:\/\/www.escrowtrustsolutions.com\/wp-content\/uploads\/2016\/01\/user-not-image-100x100.webp 100w, https:\/\/www.escrowtrustsolutions.com\/wp-content\/uploads\/2016\/01\/user-not-image.webp 360w\" sizes=\"(max-width: 320px) 100vw, 320px\" \/><\/div>\n\t\t\t\t\t\t\t\t\t\t\t<\/div>\n\t\t\t\t<\/div>\n\t\t\t<\/div>\n\t\t\t\t\t<div class=\"testimonial\">\n\t\t\t\t<div class=\"testimonial-inner\">\n\t\t\t\t\t<div class=\"testimonial-text\" ><p>\u00a1He tenido la suerte de poder trabajar con E&#038;T escrow durante unos 4 a\u00f1os! \u00a1Este grupo es incre\u00edble! Muchas veces, ya que todav\u00eda no hablo suficiente espa\u00f1ol- me han ayudado d\u00e1ndome sugerencias y apoyo. \u00a1Nada parece ser demasiado! Me gustar\u00eda tener a alguien en el Banco que se preocupara tanto. \u00a1Gracias por tener un equipo tan excepcional! \u00a1No ten\u00e9is NI IDEA de c\u00f3mo me ayuda eso a poder dormir bien por las noches! De nuevo, \u00a1todos en el equipo son incre\u00edbles! \u00a1Much\u00edsimas gracias!<\/p>\n<\/div>\n\t\t\t\t\t<div class=\"testimonial-info\">\n\t\t\t\t\t\t<div class=\"testimonial-bottom\">\n\t\t\t\t\t\t\t<div class=\"name\">\n\t\t\t\t\t\t\t\t\t\t\t\t\t\t\t\t\tPeter Kirmeier\t\t\t\t\t\t\t\t\t\t\t\t\t\t\t<\/div>\n\t\t\t\t\t\t\t<div class=\"company\">\n\t\t\t\t\t\t\t\tCOLORADO USA\t\t\t\t\t\t\t<\/div>\n\t\t\t\t\t\t<\/div>\n\t\t\t\t\t\t\t\t\t\t\t\t\t<div class=\"testimonial-image\"><img decoding=\"async\" width=\"320\" height=\"320\" src=\"https:\/\/www.escrowtrustsolutions.com\/wp-content\/uploads\/2016\/01\/user-not-image-320x320.webp\" class=\"attachment-consulting-image-320x320-croped size-consulting-image-320x320-croped wp-post-image\" alt=\"\" srcset=\"https:\/\/www.escrowtrustsolutions.com\/wp-content\/uploads\/2016\/01\/user-not-image-320x320.webp 320w, https:\/\/www.escrowtrustsolutions.com\/wp-content\/uploads\/2016\/01\/user-not-image-300x300.webp 300w, https:\/\/www.escrowtrustsolutions.com\/wp-content\/uploads\/2016\/01\/user-not-image-150x150.webp 150w, https:\/\/www.escrowtrustsolutions.com\/wp-content\/uploads\/2016\/01\/user-not-image-50x50.webp 50w, https:\/\/www.escrowtrustsolutions.com\/wp-content\/uploads\/2016\/01\/user-not-image-100x100.webp 100w, https:\/\/www.escrowtrustsolutions.com\/wp-content\/uploads\/2016\/01\/user-not-image.webp 360w\" sizes=\"(max-width: 320px) 100vw, 320px\" \/><\/div>\n\t\t\t\t\t\t\t\t\t\t\t<\/div>\n\t\t\t\t<\/div>\n\t\t\t<\/div>\n\t\t\t<\/div>\n\t\t\t<script type=\"text\/javascript\">\n\t\t\tjQuery(document).ready(function ($) {\n\t\t\t\t\"use strict\";\n\t\t\t\tvar partners_carousel_69ff3ad289d90 =\n\t\t\t\t$(\"#partners_carousel_69ff3ad289d90\");\n\t\t\t\tvar slickRtl = false;\n\n\t\t\t\tif ($('body').hasClass('rtl')) {\n\t\t\t\t\tslickRtl = true;\n\t\t\t\t}\n\n\t\t\t\tpartners_carousel_69ff3ad289d90.\n\t\t\t\tslick({\n\t\t\t\t\trtl: slickRtl,\n\t\t\t\t\tdots: 'false',\n\t\t\t\t\tinfinite: true,\n\t\t\t\t\tarrows: true,\n\t\t\t\t\tprevArrow:\"<div class=\\\"slick_prev\\\"><i class=\\\"fa fa-chevron-left\\\"><\/i><\/div>\",\n\t\t\t\t\tnextArrow: \"<div class=\\\"slick_next\\\"><i class=\\\"fa fa-chevron-right\\\"><\/i><\/div>\",\n\t\t\t\t\tautoplaySpeed: 5000,\n\t\t\t\t\tautoplay: false,\n\t\t\t\t\tslidesToShow: 1,\n\t\t\t\t\tcssEase: \"cubic-bezier(0.455, 0.030, 0.515, 0.955)\",\n\t\t\t\t\tresponsive: [\n\t\t\t\t\t\t{\n\t\t\t\t\t\t\tbreakpoint: 769,\n\t\t\t\t\t\t\tsettings: {\n\t\t\t\t\t\t\t\tslidesToShow: 1\n\t\t\t\t\t\t\t}\n\t\t\t\t\t\t}\n\t\t\t\t\t]\n\t\t\t\t});\n\t\t\t});\n\t\t<\/script>\n\t\t\t<\/div>\n\t\t\t\t<\/div>\n\t\t\t\t\t<\/div>\n\t\t<\/div>\n\t\t\t\t\t\t\t<\/div>\n\t\t<\/section>\n\t\t\t\t<section class=\"elementor-section elementor-top-section elementor-element elementor-element-d598287 third_bg_color elementor-section-boxed elementor-section-height-default elementor-section-height-default\" data-id=\"d598287\" data-element_type=\"section\" data-settings=\"{&quot;background_background&quot;:&quot;classic&quot;}\">\n\t\t\t\t\t\t<div class=\"elementor-container elementor-column-gap-default\">\n\t\t\t\t\t<div class=\"elementor-column elementor-col-100 elementor-top-column elementor-element elementor-element-d5986f5\" data-id=\"d5986f5\" data-element_type=\"column\">\n\t\t\t<div class=\"elementor-widget-wrap elementor-element-populated\">\n\t\t\t\t\t\t\t\t<div class=\"elementor-element elementor-element-d598a24 elementor-widget elementor-widget-vc_cta\" data-id=\"d598a24\" data-element_type=\"widget\" data-widget_type=\"vc_cta.default\">\n\t\t\t\t<div class=\"elementor-widget-container\">\n\t\t\t\n<div class=\"ce_cta ce_cta_6a378d156f5d99f5e7ba7cbc353331af ce_text_left third_bg_color add_button_right btn_align_right btn_button_block_true btn_has_icon btn_has_icon_on_the_right\" id=\"\">\n\t<div class=\"ce_cta__content\">\n\t\t<div class=\"ce_cta__content__header\">\n\t\t\t<h2  class='ce_cta__content__title '>\u00bfBuscas una compa\u00f1\u00eda fiduciaria en Costa Rica?<\/h2>\t\t<\/div>\n\t\t\t<\/div>\n\n\t\t<div class=\"ce_cta__action\">\n\t\t<a\n\t\t\thref=\"\/es\/contacto\/\"\n\t\t\t\t\t\ttarget=\"_self\"\n\t\t\tclass=\"button\n\t\t\t\t\t\">\n\t\t\t<span>Haga clic aqu\u00ed<\/span>\n\t\t\t\t\t\t<i class=\"fa fa-chevron-right\"><\/i>\n\t\t\t\t\t<\/a>\n\t<\/div>\n\t<\/div>\n\t\t<\/div>\n\t\t\t\t<\/div>\n\t\t\t\t\t<\/div>\n\t\t<\/div>\n\t\t\t\t\t\t\t<\/div>\n\t\t<\/section>\n\t\t\t\t\t\t\t<\/div>\n\t\t","protected":false},"excerpt":{"rendered":"<p>Testimonios de nuestros clientes Recommendation. We thank you and the rest of the E&#038;T staff, it has been a pleasure working with you. If we decide to do business in CR in the future, we will certainly use your company again. Mark Lambert Michigan USA It has been a pleasure working with you and your<\/p>\n","protected":false},"author":1,"featured_media":9175,"parent":0,"menu_order":0,"comment_status":"closed","ping_status":"closed","template":"","meta":{"_joinchat":[],"footnotes":""},"class_list":["post-9557","page","type-page","status-publish","has-post-thumbnail","hentry"],"yoast_head":"<!-- This site is optimized with the Yoast SEO Premium plugin v21.4 (Yoast SEO v21.4) - https:\/\/yoast.com\/wordpress\/plugins\/seo\/ -->\n<title>Empresas de fideicomisos en Costa Rica - E&amp;T Solutions<\/title>\n<meta name=\"description\" content=\"Empresas de fideicomisos: E&amp;T Escrow &amp; Trust Solutions S.R.L. es una empresa costarricense establecida en la regi\u00f3n sur de Costa Rica.\" \/>\n<meta name=\"robots\" content=\"index, follow, max-snippet:-1, max-image-preview:large, max-video-preview:-1\" \/>\n<link rel=\"canonical\" href=\"https:\/\/www.escrowtrustsolutions.com\/testimonial\/\" \/>\n<meta property=\"og:locale\" content=\"es_ES\" \/>\n<meta property=\"og:type\" content=\"article\" \/>\n<meta property=\"og:title\" content=\"Testimonios\" \/>\n<meta property=\"og:description\" content=\"Empresas de fideicomisos: E&amp;T Escrow &amp; Trust Solutions S.R.L. es una empresa costarricense establecida en la regi\u00f3n sur de Costa Rica.\" \/>\n<meta property=\"og:url\" content=\"https:\/\/www.escrowtrustsolutions.com\/testimonial\/\" \/>\n<meta property=\"og:site_name\" content=\"E&amp;T Solutions\" \/>\n<meta property=\"article:publisher\" content=\"https:\/\/www.facebook.com\/profile.php?id=100054564154140\" \/>\n<meta property=\"article:modified_time\" content=\"2024-09-27T22:43:30+00:00\" \/>\n<meta property=\"og:image\" content=\"https:\/\/www.escrowtrustsolutions.com\/wp-content\/uploads\/2023\/08\/foto-sala-de-recepcion.webp\" \/>\n\t<meta property=\"og:image:width\" content=\"1920\" \/>\n\t<meta property=\"og:image:height\" content=\"1080\" \/>\n\t<meta property=\"og:image:type\" content=\"image\/webp\" \/>\n<meta name=\"twitter:card\" content=\"summary_large_image\" \/>\n<meta name=\"twitter:label1\" content=\"Tiempo de lectura\" \/>\n\t<meta name=\"twitter:data1\" content=\"8 minutos\" \/>\n<script type=\"application\/ld+json\" class=\"yoast-schema-graph\">{\"@context\":\"https:\/\/schema.org\",\"@graph\":[{\"@type\":\"WebPage\",\"@id\":\"https:\/\/www.escrowtrustsolutions.com\/testimonial\/\",\"url\":\"https:\/\/www.escrowtrustsolutions.com\/testimonial\/\",\"name\":\"Empresas de fideicomisos en Costa Rica - E&amp;T Solutions\",\"isPartOf\":{\"@id\":\"https:\/\/www.escrowtrustsolutions.com\/#website\"},\"datePublished\":\"2016-01-06T15:37:51+00:00\",\"dateModified\":\"2024-09-27T22:43:30+00:00\",\"description\":\"Empresas de fideicomisos: E&T Escrow & Trust Solutions S.R.L. es una empresa costarricense establecida en la regi\u00f3n sur de Costa Rica.\",\"breadcrumb\":{\"@id\":\"https:\/\/www.escrowtrustsolutions.com\/testimonial\/#breadcrumb\"},\"inLanguage\":\"es\",\"potentialAction\":[{\"@type\":\"ReadAction\",\"target\":[\"https:\/\/www.escrowtrustsolutions.com\/testimonial\/\"]}]},{\"@type\":\"BreadcrumbList\",\"@id\":\"https:\/\/www.escrowtrustsolutions.com\/testimonial\/#breadcrumb\",\"itemListElement\":[{\"@type\":\"ListItem\",\"position\":1,\"name\":\"Home\",\"item\":\"https:\/\/www.escrowtrustsolutions.com\/\"},{\"@type\":\"ListItem\",\"position\":2,\"name\":\"Testimonios\"}]},{\"@type\":\"WebSite\",\"@id\":\"https:\/\/www.escrowtrustsolutions.com\/#website\",\"url\":\"https:\/\/www.escrowtrustsolutions.com\/\",\"name\":\"E&T Solutions\",\"description\":\"E&amp;T Escrow &amp; Trust Solutions S.R.L. is a Costa Rican company\",\"publisher\":{\"@id\":\"https:\/\/www.escrowtrustsolutions.com\/#organization\"},\"potentialAction\":[{\"@type\":\"SearchAction\",\"target\":{\"@type\":\"EntryPoint\",\"urlTemplate\":\"https:\/\/www.escrowtrustsolutions.com\/?s={search_term_string}\"},\"query-input\":\"required name=search_term_string\"}],\"inLanguage\":\"es\"},{\"@type\":\"Organization\",\"@id\":\"https:\/\/www.escrowtrustsolutions.com\/#organization\",\"name\":\"E&T Solutions\",\"url\":\"https:\/\/www.escrowtrustsolutions.com\/\",\"logo\":{\"@type\":\"ImageObject\",\"inLanguage\":\"es\",\"@id\":\"https:\/\/www.escrowtrustsolutions.com\/#\/schema\/logo\/image\/\",\"url\":\"https:\/\/www.escrowtrustsolutions.com\/wp-content\/uploads\/2023\/08\/logo-et-color.svg\",\"contentUrl\":\"https:\/\/www.escrowtrustsolutions.com\/wp-content\/uploads\/2023\/08\/logo-et-color.svg\",\"width\":1,\"height\":1,\"caption\":\"E&T Solutions\"},\"image\":{\"@id\":\"https:\/\/www.escrowtrustsolutions.com\/#\/schema\/logo\/image\/\"},\"sameAs\":[\"https:\/\/www.facebook.com\/profile.php?id=100054564154140\",\"https:\/\/www.instagram.com\/escrow_and_trust_solutions\/\",\"https:\/\/www.youtube.com\/@etescrowandtrustsolutions4708\"]}]}<\/script>\n<!-- \/ Yoast SEO Premium plugin. -->","yoast_head_json":{"title":"Empresas de fideicomisos en Costa Rica - E&amp;T Solutions","description":"Empresas de fideicomisos: E&T Escrow & Trust Solutions S.R.L. es una empresa costarricense establecida en la regi\u00f3n sur de Costa Rica.","robots":{"index":"index","follow":"follow","max-snippet":"max-snippet:-1","max-image-preview":"max-image-preview:large","max-video-preview":"max-video-preview:-1"},"canonical":"https:\/\/www.escrowtrustsolutions.com\/testimonial\/","og_locale":"es_ES","og_type":"article","og_title":"Testimonios","og_description":"Empresas de fideicomisos: E&T Escrow & Trust Solutions S.R.L. es una empresa costarricense establecida en la regi\u00f3n sur de Costa Rica.","og_url":"https:\/\/www.escrowtrustsolutions.com\/testimonial\/","og_site_name":"E&amp;T Solutions","article_publisher":"https:\/\/www.facebook.com\/profile.php?id=100054564154140","article_modified_time":"2024-09-27T22:43:30+00:00","og_image":[{"width":1920,"height":1080,"url":"https:\/\/www.escrowtrustsolutions.com\/wp-content\/uploads\/2023\/08\/foto-sala-de-recepcion.webp","type":"image\/webp"}],"twitter_card":"summary_large_image","twitter_misc":{"Tiempo de lectura":"8 minutos"},"schema":{"@context":"https:\/\/schema.org","@graph":[{"@type":"WebPage","@id":"https:\/\/www.escrowtrustsolutions.com\/testimonial\/","url":"https:\/\/www.escrowtrustsolutions.com\/testimonial\/","name":"Empresas de fideicomisos en Costa Rica - E&amp;T Solutions","isPartOf":{"@id":"https:\/\/www.escrowtrustsolutions.com\/#website"},"datePublished":"2016-01-06T15:37:51+00:00","dateModified":"2024-09-27T22:43:30+00:00","description":"Empresas de fideicomisos: E&T Escrow & Trust Solutions S.R.L. es una empresa costarricense establecida en la regi\u00f3n sur de Costa Rica.","breadcrumb":{"@id":"https:\/\/www.escrowtrustsolutions.com\/testimonial\/#breadcrumb"},"inLanguage":"es","potentialAction":[{"@type":"ReadAction","target":["https:\/\/www.escrowtrustsolutions.com\/testimonial\/"]}]},{"@type":"BreadcrumbList","@id":"https:\/\/www.escrowtrustsolutions.com\/testimonial\/#breadcrumb","itemListElement":[{"@type":"ListItem","position":1,"name":"Home","item":"https:\/\/www.escrowtrustsolutions.com\/"},{"@type":"ListItem","position":2,"name":"Testimonios"}]},{"@type":"WebSite","@id":"https:\/\/www.escrowtrustsolutions.com\/#website","url":"https:\/\/www.escrowtrustsolutions.com\/","name":"E&T Solutions","description":"E&amp;T Escrow &amp; Trust Solutions S.R.L. is a Costa Rican company","publisher":{"@id":"https:\/\/www.escrowtrustsolutions.com\/#organization"},"potentialAction":[{"@type":"SearchAction","target":{"@type":"EntryPoint","urlTemplate":"https:\/\/www.escrowtrustsolutions.com\/?s={search_term_string}"},"query-input":"required name=search_term_string"}],"inLanguage":"es"},{"@type":"Organization","@id":"https:\/\/www.escrowtrustsolutions.com\/#organization","name":"E&T Solutions","url":"https:\/\/www.escrowtrustsolutions.com\/","logo":{"@type":"ImageObject","inLanguage":"es","@id":"https:\/\/www.escrowtrustsolutions.com\/#\/schema\/logo\/image\/","url":"https:\/\/www.escrowtrustsolutions.com\/wp-content\/uploads\/2023\/08\/logo-et-color.svg","contentUrl":"https:\/\/www.escrowtrustsolutions.com\/wp-content\/uploads\/2023\/08\/logo-et-color.svg","width":1,"height":1,"caption":"E&T Solutions"},"image":{"@id":"https:\/\/www.escrowtrustsolutions.com\/#\/schema\/logo\/image\/"},"sameAs":["https:\/\/www.facebook.com\/profile.php?id=100054564154140","https:\/\/www.instagram.com\/escrow_and_trust_solutions\/","https:\/\/www.youtube.com\/@etescrowandtrustsolutions4708"]}]}},"_links":{"self":[{"href":"https:\/\/www.escrowtrustsolutions.com\/es\/wp-json\/wp\/v2\/pages\/9557","targetHints":{"allow":["GET"]}}],"collection":[{"href":"https:\/\/www.escrowtrustsolutions.com\/es\/wp-json\/wp\/v2\/pages"}],"about":[{"href":"https:\/\/www.escrowtrustsolutions.com\/es\/wp-json\/wp\/v2\/types\/page"}],"author":[{"embeddable":true,"href":"https:\/\/www.escrowtrustsolutions.com\/es\/wp-json\/wp\/v2\/users\/1"}],"replies":[{"embeddable":true,"href":"https:\/\/www.escrowtrustsolutions.com\/es\/wp-json\/wp\/v2\/comments?post=9557"}],"version-history":[{"count":3,"href":"https:\/\/www.escrowtrustsolutions.com\/es\/wp-json\/wp\/v2\/pages\/9557\/revisions"}],"predecessor-version":[{"id":11879,"href":"https:\/\/www.escrowtrustsolutions.com\/es\/wp-json\/wp\/v2\/pages\/9557\/revisions\/11879"}],"wp:featuredmedia":[{"embeddable":true,"href":"https:\/\/www.escrowtrustsolutions.com\/es\/wp-json\/wp\/v2\/media\/9175"}],"wp:attachment":[{"href":"https:\/\/www.escrowtrustsolutions.com\/es\/wp-json\/wp\/v2\/media?parent=9557"}],"curies":[{"name":"wp","href":"https:\/\/api.w.org\/{rel}","templated":true}]}}