{"id":9597,"date":"2019-11-25T05:33:35","date_gmt":"2019-11-25T04:33:35","guid":{"rendered":"https:\/\/zewsdemo.com\/etsolutions\/services\/"},"modified":"2023-10-24T18:08:17","modified_gmt":"2023-10-24T16:08:17","slug":"servicios","status":"publish","type":"page","link":"https:\/\/www.escrowtrustsolutions.com\/es\/servicios\/","title":{"rendered":"Servicios"},"content":{"rendered":"\t\t<div data-elementor-type=\"wp-page\" data-elementor-id=\"9597\" class=\"elementor elementor-9597 elementor-6206\">\n\t\t\t\t\t\t\t\t\t<section class=\"elementor-section elementor-top-section elementor-element elementor-element-1e16c9f elementor-section-boxed elementor-section-height-default elementor-section-height-default\" data-id=\"1e16c9f\" data-element_type=\"section\">\n\t\t\t\t\t\t<div class=\"elementor-container elementor-column-gap-default\">\n\t\t\t\t\t<div class=\"elementor-column elementor-col-100 elementor-top-column elementor-element elementor-element-1e170b1\" data-id=\"1e170b1\" data-element_type=\"column\">\n\t\t\t<div class=\"elementor-widget-wrap elementor-element-populated\">\n\t\t\t\t\t\t\t\t<div class=\"elementor-element elementor-element-4203b05 elementor-widget elementor-widget-vc_custom_heading\" data-id=\"4203b05\" data-element_type=\"widget\" data-widget_type=\"vc_custom_heading.default\">\n\t\t\t\t<div class=\"elementor-widget-container\">\n\t\t\t<div class=\" vc_custom_heading  consulting_heading_font  text_align_center\" ><h2 style=\"text-align: center;font-weight:700\" class=\"consulting-custom-title\">Descubre nuestros servicios\n<\/h2><\/div>\t\t<\/div>\n\t\t\t\t<\/div>\n\t\t\t\t<div class=\"elementor-element elementor-element-562988f elementor-widget elementor-widget-text-editor\" data-id=\"562988f\" data-element_type=\"widget\" data-widget_type=\"text-editor.default\">\n\t\t\t\t<div class=\"elementor-widget-container\">\n\t\t\t<style>\/*! elementor - v3.16.0 - 17-10-2023 *\/\n.elementor-widget-text-editor.elementor-drop-cap-view-stacked .elementor-drop-cap{background-color:#69727d;color:#fff}.elementor-widget-text-editor.elementor-drop-cap-view-framed .elementor-drop-cap{color:#69727d;border:3px solid;background-color:transparent}.elementor-widget-text-editor:not(.elementor-drop-cap-view-default) .elementor-drop-cap{margin-top:8px}.elementor-widget-text-editor:not(.elementor-drop-cap-view-default) .elementor-drop-cap-letter{width:1em;height:1em}.elementor-widget-text-editor .elementor-drop-cap{float:left;text-align:center;line-height:1;font-size:50px}.elementor-widget-text-editor .elementor-drop-cap-letter{display:inline-block}<\/style>\t\t\t\t<p><span style=\"font-weight: 400;\">E&amp;T Escrow &amp; Trust Solutions S.R.L es una empresa oficialmente registrada ante la Superintendencia General de Entidades Financieras (SUGEF). Proporcionamos los servicios m\u00e1s eficientes y profesionales con un equipo altamente competente. Con m\u00e1s de 20 a\u00f1os de experiencia, E&amp;T se especializa en la custodia de fondos y la gesti\u00f3n de cuentas fiduciarias.<\/span><\/p>\n\t\t\t\t\t\t<\/div>\n\t\t\t\t<\/div>\n\t\t\t\t<div class=\"elementor-element elementor-element-1e173ef elementor-widget elementor-widget-stm_services\" data-id=\"1e173ef\" data-element_type=\"widget\" data-widget_type=\"stm_services.default\">\n\t\t\t\t<div class=\"elementor-widget-container\">\n\t\t\t\n    <div class=\"stm_services consulting_elementor_services style_4 cols_3\">\n                    <div class=\"item\">\n                <div class=\"item_wr\">\n                                                                    <div class=\"item_thumbnail\">\n                            <a href=\"https:\/\/www.escrowtrustsolutions.com\/es\/service\/financiero\/\">\n                                <img src='https:\/\/www.escrowtrustsolutions.com\/wp-content\/uploads\/elementor\/thumbs\/financial-service-qbarat6s7a4nr4pmp4mxuenl19tmydzqlrney78574.webp' alt='Elaboraci\u00f3n de Estrategias Financieras' \/>                                <div class=\"item_info\">\n                                    <h3>Financiero<\/h3>\n                                    <span><i class=\"stm-lnr-arrow-right before-text\"><\/i>Leer M\u00e1s <i class=\"stm-lnr-arrow-right\"><\/i><\/span>\n                                <\/div>\n                            <\/a>\n                        <\/div>\n                                    <\/div>\n            <\/div>\n                    <div class=\"item\">\n                <div class=\"item_wr\">\n                                                                    <div class=\"item_thumbnail\">\n                            <a href=\"https:\/\/www.escrowtrustsolutions.com\/es\/service\/cuenta-de-pago\/\">\n                                <img src='https:\/\/www.escrowtrustsolutions.com\/wp-content\/uploads\/elementor\/thumbs\/payment-account-service-qbarcsmimoug9htv3zil3wmm6k1j7dvc7l8bf8a828.webp' alt='Gesti\u00f3n completa de obligaciones de pago' \/>                                <div class=\"item_info\">\n                                    <h3>Cuenta de pago<\/h3>\n                                    <span><i class=\"stm-lnr-arrow-right before-text\"><\/i>Leer M\u00e1s <i class=\"stm-lnr-arrow-right\"><\/i><\/span>\n                                <\/div>\n                            <\/a>\n                        <\/div>\n                                    <\/div>\n            <\/div>\n                    <div class=\"item\">\n                <div class=\"item_wr\">\n                                                                    <div class=\"item_thumbnail\">\n                            <a href=\"https:\/\/www.escrowtrustsolutions.com\/es\/service\/impuestos\/\">\n                                <img src='https:\/\/www.escrowtrustsolutions.com\/wp-content\/uploads\/elementor\/thumbs\/tax-service-qbardv5wewb7hi9vuy6ag4wijcrkyz4c0vz83kp2z4.webp' alt='Preparaci\u00f3n y presentaci\u00f3n de impuestos' \/>                                <div class=\"item_info\">\n                                    <h3>Impuestos<\/h3>\n                                    <span><i class=\"stm-lnr-arrow-right before-text\"><\/i>Leer M\u00e1s <i class=\"stm-lnr-arrow-right\"><\/i><\/span>\n                                <\/div>\n                            <\/a>\n                        <\/div>\n                                    <\/div>\n            <\/div>\n                    <div class=\"item\">\n                <div class=\"item_wr\">\n                                                                    <div class=\"item_thumbnail\">\n                            <a href=\"https:\/\/www.escrowtrustsolutions.com\/es\/service\/corporativo\/\">\n                                <img src='https:\/\/www.escrowtrustsolutions.com\/wp-content\/uploads\/elementor\/thumbs\/corporate-service-qbareyn4dxt914ojgf8mcuxvhjczy9h26bdm972jps.webp' alt='Planificaci\u00f3n fiscal corporativa' \/>                                <div class=\"item_info\">\n                                    <h3>Corporativo<\/h3>\n                                    <span><i class=\"stm-lnr-arrow-right before-text\"><\/i>Leer M\u00e1s <i class=\"stm-lnr-arrow-right\"><\/i><\/span>\n                                <\/div>\n                            <\/a>\n                        <\/div>\n                                    <\/div>\n            <\/div>\n                    <div class=\"item\">\n                <div class=\"item_wr\">\n                                                                    <div class=\"item_thumbnail\">\n                            <a href=\"https:\/\/www.escrowtrustsolutions.com\/es\/service\/controles\/\">\n                                <img src='https:\/\/www.escrowtrustsolutions.com\/wp-content\/uploads\/elementor\/thumbs\/audits-service-qbarfzatsh7flx7aid32k3ounkcbagilbctjyzk6z4.webp' alt='Servicios de Auditor\u00eda' \/>                                <div class=\"item_info\">\n                                    <h3>Control<\/h3>\n                                    <span><i class=\"stm-lnr-arrow-right before-text\"><\/i>Leer M\u00e1s <i class=\"stm-lnr-arrow-right\"><\/i><\/span>\n                                <\/div>\n                            <\/a>\n                        <\/div>\n                                    <\/div>\n            <\/div>\n                    <div class=\"item\">\n                <div class=\"item_wr\">\n                                                                    <div class=\"item_thumbnail\">\n                            <a href=\"https:\/\/www.escrowtrustsolutions.com\/es\/service\/asesor-fiscal-y-contabilidad-general\/\">\n                                <img src='https:\/\/www.escrowtrustsolutions.com\/wp-content\/uploads\/elementor\/thumbs\/tax-advisor-and-general-accounting-service-qbarh2s1riph5jly3u5egtq7lqxq9qvbgs7y4lxnps.webp' alt='Asesor\u00edas fiscales y contabilidad general' \/>                                <div class=\"item_info\">\n                                    <h3>Asesor fiscal y contabilidad general<\/h3>\n                                    <span><i class=\"stm-lnr-arrow-right before-text\"><\/i>Leer M\u00e1s <i class=\"stm-lnr-arrow-right\"><\/i><\/span>\n                                <\/div>\n                            <\/a>\n                        <\/div>\n                                    <\/div>\n            <\/div>\n                    <div class=\"item\">\n                <div class=\"item_wr\">\n                                                                    <div class=\"item_thumbnail\">\n                            <a href=\"https:\/\/www.escrowtrustsolutions.com\/es\/service\/expertos-en-gestion-de-fondos-en-fideicomiso\/\">\n                                <img src='https:\/\/www.escrowtrustsolutions.com\/wp-content\/uploads\/elementor\/thumbs\/escrow-fund-management-experts-service-qbarifnnmwkdx9my6fa02he6hs8te09czi572zx6q8.webp' alt='Gesti\u00f3n de Fondos Fideicomiso' \/>                                <div class=\"item_info\">\n                                    <h3>Expertos en gesti\u00f3n de Fondos en Fideicomiso<\/h3>\n                                    <span><i class=\"stm-lnr-arrow-right before-text\"><\/i>Leer M\u00e1s <i class=\"stm-lnr-arrow-right\"><\/i><\/span>\n                                <\/div>\n                            <\/a>\n                        <\/div>\n                                    <\/div>\n            <\/div>\n                    <div class=\"item\">\n                <div class=\"item_wr\">\n                                                                    <div class=\"item_thumbnail\">\n                            <a href=\"https:\/\/www.escrowtrustsolutions.com\/es\/service\/servicio-de-consejeria\/\">\n                                <img src='https:\/\/www.escrowtrustsolutions.com\/wp-content\/uploads\/elementor\/thumbs\/concierge-services-service-qbarjsj9iafaozny90elo525dtjwi9nei82g1dwpqo.webp' alt='Dep\u00f3sitos para mudanzas al extranjero' \/>                                <div class=\"item_info\">\n                                    <h3>Servicio de consejer\u00eda<\/h3>\n                                    <span><i class=\"stm-lnr-arrow-right before-text\"><\/i>Leer M\u00e1s <i class=\"stm-lnr-arrow-right\"><\/i><\/span>\n                                <\/div>\n                            <\/a>\n                        <\/div>\n                                    <\/div>\n            <\/div>\n                    <div class=\"item\">\n                <div class=\"item_wr\">\n                                                                    <div class=\"item_thumbnail\">\n                            <a href=\"https:\/\/www.escrowtrustsolutions.com\/es\/service\/cuentas-de-pagos-generales\/\">\n                                <img src='https:\/\/www.escrowtrustsolutions.com\/wp-content\/uploads\/elementor\/thumbs\/general-payments-account-service-qbarl2lct66chvt1s2bbkbfqhp8vzfq90k18jy0f9s.webp' alt='Cuentas de Pagos Generales' \/>                                <div class=\"item_info\">\n                                    <h3>Cuentas de Pagos Generales<\/h3>\n                                    <span><i class=\"stm-lnr-arrow-right before-text\"><\/i>Leer M\u00e1s <i class=\"stm-lnr-arrow-right\"><\/i><\/span>\n                                <\/div>\n                            <\/a>\n                        <\/div>\n                                    <\/div>\n            <\/div>\n                    <div class=\"item\">\n                <div class=\"item_wr\">\n                                                                    <div class=\"item_thumbnail\">\n                            <a href=\"https:\/\/www.escrowtrustsolutions.com\/es\/service\/gestion-de-fondos-inmobiliarios\/\">\n                                <img src='https:\/\/www.escrowtrustsolutions.com\/wp-content\/uploads\/elementor\/thumbs\/real-estate-fund-management-service-qbarm8w3cps90c3lx2lj6irh81gelte66de35e9phs.webp' alt='Gesti\u00f3n de fondos inmobiliarios' \/>                                <div class=\"item_info\">\n                                    <h3>Gesti\u00f3n de fondos inmobiliarios<\/h3>\n                                    <span><i class=\"stm-lnr-arrow-right before-text\"><\/i>Leer M\u00e1s <i class=\"stm-lnr-arrow-right\"><\/i><\/span>\n                                <\/div>\n                            <\/a>\n                        <\/div>\n                                    <\/div>\n            <\/div>\n            <\/div>\n\t\t<\/div>\n\t\t\t\t<\/div>\n\t\t\t\t\t<\/div>\n\t\t<\/div>\n\t\t\t\t\t\t\t<\/div>\n\t\t<\/section>\n\t\t\t\t\t\t\t<\/div>\n\t\t","protected":false},"excerpt":{"rendered":"<p>Descubre nuestros servicios E&amp;T Escrow &amp; Trust Solutions S.R.L es una empresa oficialmente registrada ante la Superintendencia General de Entidades Financieras (SUGEF). Proporcionamos los servicios m\u00e1s eficientes y profesionales con un equipo altamente competente. Con m\u00e1s de 20 a\u00f1os de experiencia, E&amp;T se especializa en la custodia de fondos y la gesti\u00f3n de cuentas fiduciarias.<\/p>\n","protected":false},"author":1,"featured_media":9168,"parent":0,"menu_order":0,"comment_status":"closed","ping_status":"closed","template":"","meta":{"_joinchat":[],"footnotes":""},"class_list":["post-9597","page","type-page","status-publish","has-post-thumbnail","hentry"],"yoast_head":"<!-- This site is optimized with the Yoast SEO Premium plugin v21.4 (Yoast SEO v21.4) - https:\/\/yoast.com\/wordpress\/plugins\/seo\/ -->\n<title>Administraci\u00f3n de cuentas fiduciarias en Costa Rica<\/title>\n<meta name=\"description\" content=\"Con m\u00e1s de 20 a\u00f1os de experiencia, E&amp;T se especializa en la custodia de fondos y la administraci\u00f3n de cuentas fiduciarias.\" \/>\n<meta name=\"robots\" content=\"index, follow, max-snippet:-1, max-image-preview:large, max-video-preview:-1\" \/>\n<link rel=\"canonical\" href=\"https:\/\/www.escrowtrustsolutions.com\/services\/\" \/>\n<meta property=\"og:locale\" content=\"es_ES\" \/>\n<meta property=\"og:type\" content=\"article\" \/>\n<meta property=\"og:title\" content=\"Servicios\" \/>\n<meta property=\"og:description\" content=\"Con m\u00e1s de 20 a\u00f1os de experiencia, E&amp;T se especializa en la custodia de fondos y la administraci\u00f3n de cuentas fiduciarias.\" \/>\n<meta property=\"og:url\" content=\"https:\/\/www.escrowtrustsolutions.com\/services\/\" \/>\n<meta property=\"og:site_name\" content=\"E&amp;T Solutions\" \/>\n<meta property=\"article:publisher\" content=\"https:\/\/www.facebook.com\/profile.php?id=100054564154140\" \/>\n<meta property=\"article:modified_time\" content=\"2023-10-24T16:08:17+00:00\" \/>\n<meta property=\"og:image\" content=\"https:\/\/www.escrowtrustsolutions.com\/wp-content\/uploads\/2023\/08\/foto-edificio-1.webp\" \/>\n\t<meta property=\"og:image:width\" content=\"800\" \/>\n\t<meta property=\"og:image:height\" content=\"600\" \/>\n\t<meta property=\"og:image:type\" content=\"image\/webp\" \/>\n<meta name=\"twitter:card\" content=\"summary_large_image\" \/>\n<meta name=\"twitter:label1\" content=\"Tiempo de lectura\" \/>\n\t<meta name=\"twitter:data1\" content=\"1 minuto\" \/>\n<script type=\"application\/ld+json\" class=\"yoast-schema-graph\">{\"@context\":\"https:\/\/schema.org\",\"@graph\":[{\"@type\":\"WebPage\",\"@id\":\"https:\/\/www.escrowtrustsolutions.com\/services\/\",\"url\":\"https:\/\/www.escrowtrustsolutions.com\/services\/\",\"name\":\"Administraci\u00f3n de cuentas fiduciarias en Costa Rica\",\"isPartOf\":{\"@id\":\"https:\/\/www.escrowtrustsolutions.com\/#website\"},\"datePublished\":\"2019-11-25T04:33:35+00:00\",\"dateModified\":\"2023-10-24T16:08:17+00:00\",\"description\":\"Con m\u00e1s de 20 a\u00f1os de experiencia, E&T se especializa en la custodia de fondos y la administraci\u00f3n de cuentas fiduciarias.\",\"breadcrumb\":{\"@id\":\"https:\/\/www.escrowtrustsolutions.com\/services\/#breadcrumb\"},\"inLanguage\":\"es\",\"potentialAction\":[{\"@type\":\"ReadAction\",\"target\":[\"https:\/\/www.escrowtrustsolutions.com\/services\/\"]}]},{\"@type\":\"BreadcrumbList\",\"@id\":\"https:\/\/www.escrowtrustsolutions.com\/services\/#breadcrumb\",\"itemListElement\":[{\"@type\":\"ListItem\",\"position\":1,\"name\":\"Home\",\"item\":\"https:\/\/www.escrowtrustsolutions.com\/\"},{\"@type\":\"ListItem\",\"position\":2,\"name\":\"Servicios\"}]},{\"@type\":\"WebSite\",\"@id\":\"https:\/\/www.escrowtrustsolutions.com\/#website\",\"url\":\"https:\/\/www.escrowtrustsolutions.com\/\",\"name\":\"E&T Solutions\",\"description\":\"E&amp;T Escrow &amp; Trust Solutions S.R.L. is a Costa Rican company\",\"publisher\":{\"@id\":\"https:\/\/www.escrowtrustsolutions.com\/#organization\"},\"potentialAction\":[{\"@type\":\"SearchAction\",\"target\":{\"@type\":\"EntryPoint\",\"urlTemplate\":\"https:\/\/www.escrowtrustsolutions.com\/?s={search_term_string}\"},\"query-input\":\"required name=search_term_string\"}],\"inLanguage\":\"es\"},{\"@type\":\"Organization\",\"@id\":\"https:\/\/www.escrowtrustsolutions.com\/#organization\",\"name\":\"E&T Solutions\",\"url\":\"https:\/\/www.escrowtrustsolutions.com\/\",\"logo\":{\"@type\":\"ImageObject\",\"inLanguage\":\"es\",\"@id\":\"https:\/\/www.escrowtrustsolutions.com\/#\/schema\/logo\/image\/\",\"url\":\"https:\/\/www.escrowtrustsolutions.com\/wp-content\/uploads\/2023\/08\/logo-et-color.svg\",\"contentUrl\":\"https:\/\/www.escrowtrustsolutions.com\/wp-content\/uploads\/2023\/08\/logo-et-color.svg\",\"width\":1,\"height\":1,\"caption\":\"E&T Solutions\"},\"image\":{\"@id\":\"https:\/\/www.escrowtrustsolutions.com\/#\/schema\/logo\/image\/\"},\"sameAs\":[\"https:\/\/www.facebook.com\/profile.php?id=100054564154140\",\"https:\/\/www.instagram.com\/escrow_and_trust_solutions\/\",\"https:\/\/www.youtube.com\/@etescrowandtrustsolutions4708\"]}]}<\/script>\n<!-- \/ Yoast SEO Premium plugin. -->","yoast_head_json":{"title":"Administraci\u00f3n de cuentas fiduciarias en Costa Rica","description":"Con m\u00e1s de 20 a\u00f1os de experiencia, E&T se especializa en la custodia de fondos y la administraci\u00f3n de cuentas fiduciarias.","robots":{"index":"index","follow":"follow","max-snippet":"max-snippet:-1","max-image-preview":"max-image-preview:large","max-video-preview":"max-video-preview:-1"},"canonical":"https:\/\/www.escrowtrustsolutions.com\/services\/","og_locale":"es_ES","og_type":"article","og_title":"Servicios","og_description":"Con m\u00e1s de 20 a\u00f1os de experiencia, E&T se especializa en la custodia de fondos y la administraci\u00f3n de cuentas fiduciarias.","og_url":"https:\/\/www.escrowtrustsolutions.com\/services\/","og_site_name":"E&amp;T Solutions","article_publisher":"https:\/\/www.facebook.com\/profile.php?id=100054564154140","article_modified_time":"2023-10-24T16:08:17+00:00","og_image":[{"width":800,"height":600,"url":"https:\/\/www.escrowtrustsolutions.com\/wp-content\/uploads\/2023\/08\/foto-edificio-1.webp","type":"image\/webp"}],"twitter_card":"summary_large_image","twitter_misc":{"Tiempo de lectura":"1 minuto"},"schema":{"@context":"https:\/\/schema.org","@graph":[{"@type":"WebPage","@id":"https:\/\/www.escrowtrustsolutions.com\/services\/","url":"https:\/\/www.escrowtrustsolutions.com\/services\/","name":"Administraci\u00f3n de cuentas fiduciarias en Costa Rica","isPartOf":{"@id":"https:\/\/www.escrowtrustsolutions.com\/#website"},"datePublished":"2019-11-25T04:33:35+00:00","dateModified":"2023-10-24T16:08:17+00:00","description":"Con m\u00e1s de 20 a\u00f1os de experiencia, E&T se especializa en la custodia de fondos y la administraci\u00f3n de cuentas fiduciarias.","breadcrumb":{"@id":"https:\/\/www.escrowtrustsolutions.com\/services\/#breadcrumb"},"inLanguage":"es","potentialAction":[{"@type":"ReadAction","target":["https:\/\/www.escrowtrustsolutions.com\/services\/"]}]},{"@type":"BreadcrumbList","@id":"https:\/\/www.escrowtrustsolutions.com\/services\/#breadcrumb","itemListElement":[{"@type":"ListItem","position":1,"name":"Home","item":"https:\/\/www.escrowtrustsolutions.com\/"},{"@type":"ListItem","position":2,"name":"Servicios"}]},{"@type":"WebSite","@id":"https:\/\/www.escrowtrustsolutions.com\/#website","url":"https:\/\/www.escrowtrustsolutions.com\/","name":"E&T Solutions","description":"E&amp;T Escrow &amp; Trust Solutions S.R.L. is a Costa Rican company","publisher":{"@id":"https:\/\/www.escrowtrustsolutions.com\/#organization"},"potentialAction":[{"@type":"SearchAction","target":{"@type":"EntryPoint","urlTemplate":"https:\/\/www.escrowtrustsolutions.com\/?s={search_term_string}"},"query-input":"required name=search_term_string"}],"inLanguage":"es"},{"@type":"Organization","@id":"https:\/\/www.escrowtrustsolutions.com\/#organization","name":"E&T Solutions","url":"https:\/\/www.escrowtrustsolutions.com\/","logo":{"@type":"ImageObject","inLanguage":"es","@id":"https:\/\/www.escrowtrustsolutions.com\/#\/schema\/logo\/image\/","url":"https:\/\/www.escrowtrustsolutions.com\/wp-content\/uploads\/2023\/08\/logo-et-color.svg","contentUrl":"https:\/\/www.escrowtrustsolutions.com\/wp-content\/uploads\/2023\/08\/logo-et-color.svg","width":1,"height":1,"caption":"E&T Solutions"},"image":{"@id":"https:\/\/www.escrowtrustsolutions.com\/#\/schema\/logo\/image\/"},"sameAs":["https:\/\/www.facebook.com\/profile.php?id=100054564154140","https:\/\/www.instagram.com\/escrow_and_trust_solutions\/","https:\/\/www.youtube.com\/@etescrowandtrustsolutions4708"]}]}},"_links":{"self":[{"href":"https:\/\/www.escrowtrustsolutions.com\/es\/wp-json\/wp\/v2\/pages\/9597","targetHints":{"allow":["GET"]}}],"collection":[{"href":"https:\/\/www.escrowtrustsolutions.com\/es\/wp-json\/wp\/v2\/pages"}],"about":[{"href":"https:\/\/www.escrowtrustsolutions.com\/es\/wp-json\/wp\/v2\/types\/page"}],"author":[{"embeddable":true,"href":"https:\/\/www.escrowtrustsolutions.com\/es\/wp-json\/wp\/v2\/users\/1"}],"replies":[{"embeddable":true,"href":"https:\/\/www.escrowtrustsolutions.com\/es\/wp-json\/wp\/v2\/comments?post=9597"}],"version-history":[{"count":0,"href":"https:\/\/www.escrowtrustsolutions.com\/es\/wp-json\/wp\/v2\/pages\/9597\/revisions"}],"wp:featuredmedia":[{"embeddable":true,"href":"https:\/\/www.escrowtrustsolutions.com\/es\/wp-json\/wp\/v2\/media\/9168"}],"wp:attachment":[{"href":"https:\/\/www.escrowtrustsolutions.com\/es\/wp-json\/wp\/v2\/media?parent=9597"}],"curies":[{"name":"wp","href":"https:\/\/api.w.org\/{rel}","templated":true}]}}